{"id":1169,"date":"2023-07-21T15:47:42","date_gmt":"2023-07-21T18:47:42","guid":{"rendered":"https:\/\/bionicafilmes.com.br\/?page_id=1169"},"modified":"2023-07-21T15:52:25","modified_gmt":"2023-07-21T18:52:25","slug":"politica-de-cookies","status":"publish","type":"page","link":"https:\/\/bionicafilmes.com.br\/en\/politica-de-cookies\/","title":{"rendered":"Cookie Policy"},"content":{"rendered":"<div data-elementor-type=\"wp-page\" data-elementor-id=\"1169\" class=\"elementor elementor-1169\" data-elementor-post-type=\"page\">\n\t\t\t\t\t\t<section class=\"elementor-section elementor-top-section elementor-element elementor-element-d91d7f8 elementor-section-boxed elementor-section-height-default elementor-section-height-default\" data-id=\"d91d7f8\" data-element_type=\"section\" data-e-type=\"section\" data-settings=\"{&quot;background_background&quot;:&quot;classic&quot;}\">\n\t\t\t\t\t\t\t<div class=\"elementor-background-overlay\"><\/div>\n\t\t\t\t\t\t\t<div class=\"elementor-container elementor-column-gap-default\">\n\t\t\t\t\t<div class=\"elementor-column elementor-col-100 elementor-top-column elementor-element elementor-element-44943b3 elementor-invisible\" data-id=\"44943b3\" data-element_type=\"column\" data-e-type=\"column\" data-settings=\"{&quot;animation&quot;:&quot;fadeIn&quot;}\">\n\t\t\t<div class=\"elementor-widget-wrap elementor-element-populated\">\n\t\t\t\t\t\t<div class=\"elementor-element elementor-element-7b0941c elementor-widget elementor-widget-heading\" data-id=\"7b0941c\" data-element_type=\"widget\" data-e-type=\"widget\" data-widget_type=\"heading.default\">\n\t\t\t\t<div class=\"elementor-widget-container\">\n\t\t\t\t\t<h1 class=\"elementor-heading-title elementor-size-default\">Cookie Policy<\/h1>\t\t\t\t<\/div>\n\t\t\t\t<\/div>\n\t\t\t\t\t<\/div>\n\t\t<\/div>\n\t\t\t\t\t<\/div>\n\t\t<\/section>\n\t\t\t\t<section class=\"elementor-section elementor-top-section elementor-element elementor-element-4154b0d elementor-section-boxed elementor-section-height-default elementor-section-height-default\" data-id=\"4154b0d\" data-element_type=\"section\" data-e-type=\"section\" data-settings=\"{&quot;background_background&quot;:&quot;classic&quot;}\">\n\t\t\t\t\t\t<div class=\"elementor-container elementor-column-gap-default\">\n\t\t\t\t\t<div class=\"elementor-column elementor-col-100 elementor-top-column elementor-element elementor-element-4437a0a elementor-invisible\" data-id=\"4437a0a\" data-element_type=\"column\" data-e-type=\"column\" data-settings=\"{&quot;animation&quot;:&quot;fadeInUp&quot;}\">\n\t\t\t<div class=\"elementor-widget-wrap elementor-element-populated\">\n\t\t\t\t\t\t<div class=\"elementor-element elementor-element-274a823 elementor-widget elementor-widget-text-editor\" data-id=\"274a823\" data-element_type=\"widget\" data-e-type=\"widget\" data-widget_type=\"text-editor.default\">\n\t\t\t\t<div class=\"elementor-widget-container\">\n\t\t\t\t\t\t\t\t\t<p>Last update: 07\/21\/2023.<\/p><p class=\"translation-block\">Welcome to Bi\u00f4nica Filmes Cookies Policy. This page explains how we use cookies and similar technologies on our website <a href=\"https:\/\/bionicafilmes.com.br\/en\/\" target=\"_new\">www.bionicafilmes.com.br<\/a>. By accessing and browsing our website, you agree to the use of cookies in accordance with this policy. If you do not agree with the use of cookies, we recommend that you adjust your browser settings or stop using the website.<\/p><ol><li>What are cookies?<\/li><\/ol><p>Cookies are small text files that are stored on your device (computer, tablet, smartphone) when you visit a website. They allow the website to recognize your device and capture information about your browsing preferences and activities. Cookies can be classified as session cookies, which are temporary and are deleted when you close your browser, or persistent cookies, which remain stored on your device for a specified period or until you delete them manually.<\/p><ol start=\"2\"><li>How we use cookies<\/li><\/ol><p>2.1 Essential cookies: We use essential cookies to enable the basic functionality and operation of our website. These cookies are necessary to provide the services you have requested and to ensure that the website functions correctly.<\/p><p>2.2 Performance Cookies: We use performance cookies to collect information about how visitors interact with our website, including the most visited pages, length of stay on the website and possible error messages. These cookies help us understand how we can improve the performance and usability of the website.<\/p><p>2.3 Functionality cookies: Functionality cookies are used to remember your preferences and choices in order to provide you with a more personalized experience on our website. For example, we may use cookies to remember your language or region preferences.<\/p><p>2.4 Marketing and advertising cookies: We may use marketing and advertising cookies to show you personalized advertisements based on your interests and browsing history. These cookies also help us measure the effectiveness of advertising campaigns.<\/p><ol start=\"3\"><li>Consent to the use of cookies<\/li><\/ol><p>By accessing the Bi\u00f4nica Filmes website, you agree to the use of cookies in accordance with this policy. If you wish to disable cookies or limit their use, you can adjust your browser settings to block them or alert you before they are stored. However, it is important to note that some parts of the website may not function properly if cookies are disabled.<\/p><ol start=\"4\"><li>Changes to this policy<\/li><\/ol><p>This Cookie Policy may be updated from time to time to reflect any changes in how we use cookies. We recommend that you review this page regularly to stay informed about the use of cookies on the Bi\u00f4nica Filmes website.<\/p><p>If you have any questions about our Cookie Policy, please contact us using the information provided in the contact section of our website.<\/p>\t\t\t\t\t\t\t\t<\/div>\n\t\t\t\t<\/div>\n\t\t\t\t<section class=\"elementor-section elementor-inner-section elementor-element elementor-element-a65f205 elementor-section-boxed elementor-section-height-default elementor-section-height-default\" data-id=\"a65f205\" data-element_type=\"section\" data-e-type=\"section\">\n\t\t\t\t\t\t<div class=\"elementor-container elementor-column-gap-default\">\n\t\t\t\t\t<div class=\"elementor-column elementor-col-25 elementor-inner-column elementor-element elementor-element-4fb5119\" data-id=\"4fb5119\" data-element_type=\"column\" data-e-type=\"column\">\n\t\t\t<div class=\"elementor-widget-wrap\">\n\t\t\t\t\t\t\t<\/div>\n\t\t<\/div>\n\t\t\t\t<div class=\"elementor-column elementor-col-25 elementor-inner-column elementor-element elementor-element-5926c36\" data-id=\"5926c36\" data-element_type=\"column\" data-e-type=\"column\">\n\t\t\t<div class=\"elementor-widget-wrap\">\n\t\t\t\t\t\t\t<\/div>\n\t\t<\/div>\n\t\t\t\t<div class=\"elementor-column elementor-col-25 elementor-inner-column elementor-element elementor-element-10b9dc0\" data-id=\"10b9dc0\" data-element_type=\"column\" data-e-type=\"column\">\n\t\t\t<div class=\"elementor-widget-wrap\">\n\t\t\t\t\t\t\t<\/div>\n\t\t<\/div>\n\t\t\t\t<div class=\"elementor-column elementor-col-25 elementor-inner-column elementor-element elementor-element-66356a5\" data-id=\"66356a5\" data-element_type=\"column\" data-e-type=\"column\">\n\t\t\t<div class=\"elementor-widget-wrap\">\n\t\t\t\t\t\t\t<\/div>\n\t\t<\/div>\n\t\t\t\t\t<\/div>\n\t\t<\/section>\n\t\t\t\t\t<\/div>\n\t\t<\/div>\n\t\t\t\t\t<\/div>\n\t\t<\/section>\n\t\t\t\t<\/div>","protected":false},"excerpt":{"rendered":"<p>\u00daltima atualiza\u00e7\u00e3o: 21\/07\/2023. Bem-vindo(a) \u00e0 Pol\u00edtica de Cookies da Bi\u00f4nica Filmes. Esta p\u00e1gina explica como usamos cookies e tecnologias similares em nosso site www.bionicafilmes.com.br. Ao acessar e navegar em nosso site, voc\u00ea concorda com o uso de cookies de acordo com esta pol\u00edtica. Caso n\u00e3o concorde com o uso de cookies, recomendamos que ajuste as [&hellip;]<\/p>","protected":false},"author":1,"featured_media":0,"parent":0,"menu_order":0,"comment_status":"closed","ping_status":"closed","template":"elementor_header_footer","meta":{"footnotes":""},"class_list":["post-1169","page","type-page","status-publish","hentry"],"yoast_head":"<!-- This site is optimized with the Yoast SEO plugin v27.2 - https:\/\/yoast.com\/product\/yoast-seo-wordpress\/ -->\n<title>Pol\u00edtica de Cookies - Bi\u00f4nica Filmes<\/title>\n<meta name=\"robots\" content=\"index, follow, max-snippet:-1, max-image-preview:large, max-video-preview:-1\" \/>\n<link rel=\"canonical\" href=\"https:\/\/bionicafilmes.com.br\/en\/politica-de-cookies\/\" \/>\n<meta property=\"og:locale\" content=\"en_US\" \/>\n<meta property=\"og:type\" content=\"article\" \/>\n<meta property=\"og:title\" content=\"Pol\u00edtica de Cookies - Bi\u00f4nica Filmes\" \/>\n<meta property=\"og:description\" content=\"\u00daltima atualiza\u00e7\u00e3o: 21\/07\/2023. Bem-vindo(a) \u00e0 Pol\u00edtica de Cookies da Bi\u00f4nica Filmes. Esta p\u00e1gina explica como usamos cookies e tecnologias similares em nosso site www.bionicafilmes.com.br. Ao acessar e navegar em nosso site, voc\u00ea concorda com o uso de cookies de acordo com esta pol\u00edtica. Caso n\u00e3o concorde com o uso de cookies, recomendamos que ajuste as [&hellip;]\" \/>\n<meta property=\"og:url\" content=\"https:\/\/bionicafilmes.com.br\/en\/politica-de-cookies\/\" \/>\n<meta property=\"og:site_name\" content=\"Bi\u00f4nica Filmes\" \/>\n<meta property=\"article:publisher\" content=\"https:\/\/www.facebook.com\/bionicafilmes\" \/>\n<meta property=\"article:modified_time\" content=\"2023-07-21T18:52:25+00:00\" \/>\n<meta name=\"twitter:card\" content=\"summary_large_image\" \/>\n<meta name=\"twitter:label1\" content=\"Est. reading time\" \/>\n\t<meta name=\"twitter:data1\" content=\"3 minutes\" \/>\n<script type=\"application\/ld+json\" class=\"yoast-schema-graph\">{\"@context\":\"https:\/\/schema.org\",\"@graph\":[{\"@type\":\"WebPage\",\"@id\":\"https:\/\/bionicafilmes.com.br\/politica-de-cookies\/\",\"url\":\"https:\/\/bionicafilmes.com.br\/politica-de-cookies\/\",\"name\":\"Pol\u00edtica de Cookies - Bi\u00f4nica Filmes\",\"isPartOf\":{\"@id\":\"https:\/\/bionicafilmes.com.br\/#website\"},\"datePublished\":\"2023-07-21T18:47:42+00:00\",\"dateModified\":\"2023-07-21T18:52:25+00:00\",\"breadcrumb\":{\"@id\":\"https:\/\/bionicafilmes.com.br\/politica-de-cookies\/#breadcrumb\"},\"inLanguage\":\"en-US\",\"potentialAction\":[{\"@type\":\"ReadAction\",\"target\":[\"https:\/\/bionicafilmes.com.br\/politica-de-cookies\/\"]}]},{\"@type\":\"BreadcrumbList\",\"@id\":\"https:\/\/bionicafilmes.com.br\/politica-de-cookies\/#breadcrumb\",\"itemListElement\":[{\"@type\":\"ListItem\",\"position\":1,\"name\":\"In\u00edcio\",\"item\":\"https:\/\/bionicafilmes.com.br\/\"},{\"@type\":\"ListItem\",\"position\":2,\"name\":\"Pol\u00edtica de Cookies\"}]},{\"@type\":\"WebSite\",\"@id\":\"https:\/\/bionicafilmes.com.br\/#website\",\"url\":\"https:\/\/bionicafilmes.com.br\/\",\"name\":\"Bi\u00f4nica Filmes\",\"description\":\"\",\"publisher\":{\"@id\":\"https:\/\/bionicafilmes.com.br\/#organization\"},\"potentialAction\":[{\"@type\":\"SearchAction\",\"target\":{\"@type\":\"EntryPoint\",\"urlTemplate\":\"https:\/\/bionicafilmes.com.br\/?s={search_term_string}\"},\"query-input\":{\"@type\":\"PropertyValueSpecification\",\"valueRequired\":true,\"valueName\":\"search_term_string\"}}],\"inLanguage\":\"en-US\"},{\"@type\":\"Organization\",\"@id\":\"https:\/\/bionicafilmes.com.br\/#organization\",\"name\":\"Bi\u00f4nica Filmes\",\"url\":\"https:\/\/bionicafilmes.com.br\/\",\"logo\":{\"@type\":\"ImageObject\",\"inLanguage\":\"en-US\",\"@id\":\"https:\/\/bionicafilmes.com.br\/#\/schema\/logo\/image\/\",\"url\":\"https:\/\/bionicafilmes.com.br\/wp-content\/uploads\/2023\/06\/logo-black.png\",\"contentUrl\":\"https:\/\/bionicafilmes.com.br\/wp-content\/uploads\/2023\/06\/logo-black.png\",\"width\":400,\"height\":121,\"caption\":\"Bi\u00f4nica Filmes\"},\"image\":{\"@id\":\"https:\/\/bionicafilmes.com.br\/#\/schema\/logo\/image\/\"},\"sameAs\":[\"https:\/\/www.facebook.com\/bionicafilmes\",\"https:\/\/www.instagram.com\/bionicafilmes\",\"https:\/\/www.linkedin.com\/company\/binica-filmes\/\"]}]}<\/script>\n<!-- \/ Yoast SEO plugin. -->","yoast_head_json":{"title":"Pol\u00edtica de Cookies - Bi\u00f4nica Filmes","robots":{"index":"index","follow":"follow","max-snippet":"max-snippet:-1","max-image-preview":"max-image-preview:large","max-video-preview":"max-video-preview:-1"},"canonical":"https:\/\/bionicafilmes.com.br\/en\/politica-de-cookies\/","og_locale":"en_US","og_type":"article","og_title":"Pol\u00edtica de Cookies - Bi\u00f4nica Filmes","og_description":"\u00daltima atualiza\u00e7\u00e3o: 21\/07\/2023. Bem-vindo(a) \u00e0 Pol\u00edtica de Cookies da Bi\u00f4nica Filmes. Esta p\u00e1gina explica como usamos cookies e tecnologias similares em nosso site www.bionicafilmes.com.br. Ao acessar e navegar em nosso site, voc\u00ea concorda com o uso de cookies de acordo com esta pol\u00edtica. Caso n\u00e3o concorde com o uso de cookies, recomendamos que ajuste as [&hellip;]","og_url":"https:\/\/bionicafilmes.com.br\/en\/politica-de-cookies\/","og_site_name":"Bi\u00f4nica Filmes","article_publisher":"https:\/\/www.facebook.com\/bionicafilmes","article_modified_time":"2023-07-21T18:52:25+00:00","twitter_card":"summary_large_image","twitter_misc":{"Est. reading time":"3 minutes"},"schema":{"@context":"https:\/\/schema.org","@graph":[{"@type":"WebPage","@id":"https:\/\/bionicafilmes.com.br\/politica-de-cookies\/","url":"https:\/\/bionicafilmes.com.br\/politica-de-cookies\/","name":"Pol\u00edtica de Cookies - Bi\u00f4nica Filmes","isPartOf":{"@id":"https:\/\/bionicafilmes.com.br\/#website"},"datePublished":"2023-07-21T18:47:42+00:00","dateModified":"2023-07-21T18:52:25+00:00","breadcrumb":{"@id":"https:\/\/bionicafilmes.com.br\/politica-de-cookies\/#breadcrumb"},"inLanguage":"en-US","potentialAction":[{"@type":"ReadAction","target":["https:\/\/bionicafilmes.com.br\/politica-de-cookies\/"]}]},{"@type":"BreadcrumbList","@id":"https:\/\/bionicafilmes.com.br\/politica-de-cookies\/#breadcrumb","itemListElement":[{"@type":"ListItem","position":1,"name":"In\u00edcio","item":"https:\/\/bionicafilmes.com.br\/"},{"@type":"ListItem","position":2,"name":"Pol\u00edtica de Cookies"}]},{"@type":"WebSite","@id":"https:\/\/bionicafilmes.com.br\/#website","url":"https:\/\/bionicafilmes.com.br\/","name":"Bi\u00f4nica Filmes","description":"","publisher":{"@id":"https:\/\/bionicafilmes.com.br\/#organization"},"potentialAction":[{"@type":"SearchAction","target":{"@type":"EntryPoint","urlTemplate":"https:\/\/bionicafilmes.com.br\/?s={search_term_string}"},"query-input":{"@type":"PropertyValueSpecification","valueRequired":true,"valueName":"search_term_string"}}],"inLanguage":"en-US"},{"@type":"Organization","@id":"https:\/\/bionicafilmes.com.br\/#organization","name":"Bi\u00f4nica Filmes","url":"https:\/\/bionicafilmes.com.br\/","logo":{"@type":"ImageObject","inLanguage":"en-US","@id":"https:\/\/bionicafilmes.com.br\/#\/schema\/logo\/image\/","url":"https:\/\/bionicafilmes.com.br\/wp-content\/uploads\/2023\/06\/logo-black.png","contentUrl":"https:\/\/bionicafilmes.com.br\/wp-content\/uploads\/2023\/06\/logo-black.png","width":400,"height":121,"caption":"Bi\u00f4nica Filmes"},"image":{"@id":"https:\/\/bionicafilmes.com.br\/#\/schema\/logo\/image\/"},"sameAs":["https:\/\/www.facebook.com\/bionicafilmes","https:\/\/www.instagram.com\/bionicafilmes","https:\/\/www.linkedin.com\/company\/binica-filmes\/"]}]}},"_links":{"self":[{"href":"https:\/\/bionicafilmes.com.br\/en\/wp-json\/wp\/v2\/pages\/1169","targetHints":{"allow":["GET"]}}],"collection":[{"href":"https:\/\/bionicafilmes.com.br\/en\/wp-json\/wp\/v2\/pages"}],"about":[{"href":"https:\/\/bionicafilmes.com.br\/en\/wp-json\/wp\/v2\/types\/page"}],"author":[{"embeddable":true,"href":"https:\/\/bionicafilmes.com.br\/en\/wp-json\/wp\/v2\/users\/1"}],"replies":[{"embeddable":true,"href":"https:\/\/bionicafilmes.com.br\/en\/wp-json\/wp\/v2\/comments?post=1169"}],"version-history":[{"count":4,"href":"https:\/\/bionicafilmes.com.br\/en\/wp-json\/wp\/v2\/pages\/1169\/revisions"}],"predecessor-version":[{"id":1186,"href":"https:\/\/bionicafilmes.com.br\/en\/wp-json\/wp\/v2\/pages\/1169\/revisions\/1186"}],"wp:attachment":[{"href":"https:\/\/bionicafilmes.com.br\/en\/wp-json\/wp\/v2\/media?parent=1169"}],"curies":[{"name":"wp","href":"https:\/\/api.w.org\/{rel}","templated":true}]}}