{"id":1636,"date":"2026-03-10T18:34:28","date_gmt":"2026-03-10T21:34:28","guid":{"rendered":"https:\/\/bionicafilmes.com.br\/?page_id=1636"},"modified":"2026-03-24T17:41:06","modified_gmt":"2026-03-24T20:41:06","slug":"passaporte-para-polonia","status":"publish","type":"page","link":"https:\/\/bionicafilmes.com.br\/en\/passaporte-para-polonia\/","title":{"rendered":""},"content":{"rendered":"<div data-elementor-type=\"wp-page\" data-elementor-id=\"1636\" class=\"elementor elementor-1636\" data-elementor-post-type=\"page\">\n\t\t\t\t\t\t<section class=\"elementor-section elementor-top-section elementor-element elementor-element-1c16be7 elementor-section-boxed elementor-section-height-default elementor-section-height-default\" data-id=\"1c16be7\" data-element_type=\"section\" data-e-type=\"section\">\n\t\t\t\t\t\t<div class=\"elementor-container elementor-column-gap-default\">\n\t\t\t\t\t<div class=\"elementor-column elementor-col-100 elementor-top-column elementor-element elementor-element-59dc06c\" data-id=\"59dc06c\" data-element_type=\"column\" data-e-type=\"column\">\n\t\t\t<div class=\"elementor-widget-wrap elementor-element-populated\">\n\t\t\t\t\t\t<div class=\"elementor-element elementor-element-20002a0 elementor-widget__width-initial elementor-widget elementor-widget-image\" data-id=\"20002a0\" data-element_type=\"widget\" data-e-type=\"widget\" data-widget_type=\"image.default\">\n\t\t\t\t<div class=\"elementor-widget-container\">\n\t\t\t\t\t\t\t\t\t\t\t\t\t\t\t<img fetchpriority=\"high\" decoding=\"async\" width=\"1280\" height=\"538\" src=\"https:\/\/bionicafilmes.com.br\/wp-content\/uploads\/2026\/03\/PPP_Still_02.jpeg\" class=\"attachment-2048x2048 size-2048x2048 wp-image-1630\" alt=\"\" srcset=\"https:\/\/bionicafilmes.com.br\/wp-content\/uploads\/2026\/03\/PPP_Still_02.jpeg 1280w, https:\/\/bionicafilmes.com.br\/wp-content\/uploads\/2026\/03\/PPP_Still_02-300x126.jpeg 300w, https:\/\/bionicafilmes.com.br\/wp-content\/uploads\/2026\/03\/PPP_Still_02-1024x430.jpeg 1024w, https:\/\/bionicafilmes.com.br\/wp-content\/uploads\/2026\/03\/PPP_Still_02-768x323.jpeg 768w, https:\/\/bionicafilmes.com.br\/wp-content\/uploads\/2026\/03\/PPP_Still_02-18x8.jpeg 18w\" sizes=\"(max-width: 1280px) 100vw, 1280px\" \/>\t\t\t\t\t\t\t\t\t\t\t\t\t\t\t<\/div>\n\t\t\t\t<\/div>\n\t\t\t\t\t<\/div>\n\t\t<\/div>\n\t\t\t\t\t<\/div>\n\t\t<\/section>\n\t\t\t\t<section class=\"elementor-section elementor-top-section elementor-element elementor-element-ffeaacf elementor-section-boxed elementor-section-height-default elementor-section-height-default\" data-id=\"ffeaacf\" data-element_type=\"section\" data-e-type=\"section\">\n\t\t\t\t\t\t<div class=\"elementor-container elementor-column-gap-default\">\n\t\t\t\t\t<div class=\"elementor-column elementor-col-100 elementor-top-column elementor-element elementor-element-217d586\" data-id=\"217d586\" data-element_type=\"column\" data-e-type=\"column\">\n\t\t\t<div class=\"elementor-widget-wrap\">\n\t\t\t\t\t\t\t<\/div>\n\t\t<\/div>\n\t\t\t\t\t<\/div>\n\t\t<\/section>\n\t\t\t\t<section class=\"elementor-section elementor-top-section elementor-element elementor-element-bccc664 elementor-section-boxed elementor-section-height-default elementor-section-height-default\" data-id=\"bccc664\" data-element_type=\"section\" data-e-type=\"section\">\n\t\t\t\t\t\t<div class=\"elementor-container elementor-column-gap-default\">\n\t\t\t\t\t<div class=\"elementor-column elementor-col-100 elementor-top-column elementor-element elementor-element-cc23a6e elementor-invisible\" data-id=\"cc23a6e\" data-element_type=\"column\" data-e-type=\"column\" data-settings=\"{&quot;animation&quot;:&quot;fadeInLeft&quot;}\">\n\t\t\t<div class=\"elementor-widget-wrap elementor-element-populated\">\n\t\t\t\t\t\t<div class=\"elementor-element elementor-element-fb2fafd elementor-widget__width-initial elementor-widget elementor-widget-heading\" data-id=\"fb2fafd\" data-element_type=\"widget\" data-e-type=\"widget\" data-widget_type=\"heading.default\">\n\t\t\t\t<div class=\"elementor-widget-container\">\n\t\t\t\t\t<span class=\"elementor-heading-title elementor-size-default\">Com\u00e9dia, Futebol<\/span>\t\t\t\t<\/div>\n\t\t\t\t<\/div>\n\t\t\t\t<div class=\"elementor-element elementor-element-0436306 elementor-widget__width-initial elementor-widget elementor-widget-heading\" data-id=\"0436306\" data-element_type=\"widget\" data-e-type=\"widget\" data-widget_type=\"heading.default\">\n\t\t\t\t<div class=\"elementor-widget-container\">\n\t\t\t\t\t<span class=\"elementor-heading-title elementor-size-default\">Brasil, Pol\u00f4nia<\/span>\t\t\t\t<\/div>\n\t\t\t\t<\/div>\n\t\t\t\t<div class=\"elementor-element elementor-element-68ae032 elementor-widget elementor-widget-heading\" data-id=\"68ae032\" data-element_type=\"widget\" data-e-type=\"widget\" data-widget_type=\"heading.default\">\n\t\t\t\t<div class=\"elementor-widget-container\">\n\t\t\t\t\t<h2 class=\"elementor-heading-title elementor-size-default\">Passaporte para Pol\u00f4nia (Ex Falha de Cobertura)<\/h2>\t\t\t\t<\/div>\n\t\t\t\t<\/div>\n\t\t\t\t<div class=\"elementor-element elementor-element-ce32c34 elementor-icon-list--layout-inline elementor-list-item-link-full_width elementor-widget elementor-widget-icon-list\" data-id=\"ce32c34\" data-element_type=\"widget\" data-e-type=\"widget\" data-widget_type=\"icon-list.default\">\n\t\t\t\t<div class=\"elementor-widget-container\">\n\t\t\t\t\t\t\t<ul class=\"elementor-icon-list-items elementor-inline-items\">\n\t\t\t\t\t\t\t<li class=\"elementor-icon-list-item elementor-inline-item\">\n\t\t\t\t\t\t\t\t\t\t\t<span class=\"elementor-icon-list-icon\">\n\t\t\t\t\t\t\t<i aria-hidden=\"true\" class=\"far fa-calendar\"><\/i>\t\t\t\t\t\t<\/span>\n\t\t\t\t\t\t\t\t\t\t<span class=\"elementor-icon-list-text\">2026<\/span>\n\t\t\t\t\t\t\t\t\t<\/li>\n\t\t\t\t\t\t\t\t<li class=\"elementor-icon-list-item elementor-inline-item\">\n\t\t\t\t\t\t\t\t\t\t\t<span class=\"elementor-icon-list-icon\">\n\t\t\t\t\t\t\t<i aria-hidden=\"true\" class=\"far fa-clock\"><\/i>\t\t\t\t\t\t<\/span>\n\t\t\t\t\t\t\t\t\t\t<span class=\"elementor-icon-list-text\">90\"<\/span>\n\t\t\t\t\t\t\t\t\t<\/li>\n\t\t\t\t\t\t<\/ul>\n\t\t\t\t\t\t<\/div>\n\t\t\t\t<\/div>\n\t\t\t\t<div class=\"elementor-element elementor-element-466debc elementor-icon-list--layout-inline elementor-widget__width-auto elementor-list-item-link-full_width elementor-widget elementor-widget-icon-list\" data-id=\"466debc\" data-element_type=\"widget\" data-e-type=\"widget\" data-widget_type=\"icon-list.default\">\n\t\t\t\t<div class=\"elementor-widget-container\">\n\t\t\t\t\t\t\t<ul class=\"elementor-icon-list-items elementor-inline-items\">\n\t\t\t\t\t\t\t<li class=\"elementor-icon-list-item elementor-inline-item\">\n\t\t\t\t\t\t\t\t\t\t\t<span class=\"elementor-icon-list-icon\">\n\t\t\t\t\t\t\t<i aria-hidden=\"true\" class=\"icon icon-share\"><\/i>\t\t\t\t\t\t<\/span>\n\t\t\t\t\t\t\t\t\t\t<span class=\"elementor-icon-list-text\">Share<\/span>\n\t\t\t\t\t\t\t\t\t<\/li>\n\t\t\t\t\t\t<\/ul>\n\t\t\t\t\t\t<\/div>\n\t\t\t\t<\/div>\n\t\t\t\t<div class=\"elementor-element elementor-element-7c7a41e elementor-share-buttons--view-icon elementor-share-buttons--skin-framed elementor-share-buttons--shape-circle elementor-share-buttons--color-custom elementor-widget__width-auto elementor-widget-mobile__width-inherit elementor-grid-0 elementor-widget elementor-widget-share-buttons\" data-id=\"7c7a41e\" data-element_type=\"widget\" data-e-type=\"widget\" data-widget_type=\"share-buttons.default\">\n\t\t\t\t<div class=\"elementor-widget-container\">\n\t\t\t\t\t\t\t<div class=\"elementor-grid\">\n\t\t\t\t\t\t\t\t<div class=\"elementor-grid-item\">\n\t\t\t\t\t\t<div\n\t\t\t\t\t\t\tclass=\"elementor-share-btn elementor-share-btn_facebook\"\n\t\t\t\t\t\t\trole=\"button\"\n\t\t\t\t\t\t\ttabindex=\"0\"\n\t\t\t\t\t\t\taria-label=\"Share on facebook\"\n\t\t\t\t\t\t>\n\t\t\t\t\t\t\t\t\t\t\t\t\t\t\t<span class=\"elementor-share-btn__icon\">\n\t\t\t\t\t\t\t\t<i class=\"fab fa-facebook\" aria-hidden=\"true\"><\/i>\t\t\t\t\t\t\t<\/span>\n\t\t\t\t\t\t\t\t\t\t\t\t\t\t\t\t\t\t\t\t<\/div>\n\t\t\t\t\t<\/div>\n\t\t\t\t\t\t\t\t\t<div class=\"elementor-grid-item\">\n\t\t\t\t\t\t<div\n\t\t\t\t\t\t\tclass=\"elementor-share-btn elementor-share-btn_whatsapp\"\n\t\t\t\t\t\t\trole=\"button\"\n\t\t\t\t\t\t\ttabindex=\"0\"\n\t\t\t\t\t\t\taria-label=\"Share on whatsapp\"\n\t\t\t\t\t\t>\n\t\t\t\t\t\t\t\t\t\t\t\t\t\t\t<span class=\"elementor-share-btn__icon\">\n\t\t\t\t\t\t\t\t<i class=\"fab fa-whatsapp\" aria-hidden=\"true\"><\/i>\t\t\t\t\t\t\t<\/span>\n\t\t\t\t\t\t\t\t\t\t\t\t\t\t\t\t\t\t\t\t<\/div>\n\t\t\t\t\t<\/div>\n\t\t\t\t\t\t\t\t\t<div class=\"elementor-grid-item\">\n\t\t\t\t\t\t<div\n\t\t\t\t\t\t\tclass=\"elementor-share-btn elementor-share-btn_telegram\"\n\t\t\t\t\t\t\trole=\"button\"\n\t\t\t\t\t\t\ttabindex=\"0\"\n\t\t\t\t\t\t\taria-label=\"Share on telegram\"\n\t\t\t\t\t\t>\n\t\t\t\t\t\t\t\t\t\t\t\t\t\t\t<span class=\"elementor-share-btn__icon\">\n\t\t\t\t\t\t\t\t<i class=\"fab fa-telegram\" aria-hidden=\"true\"><\/i>\t\t\t\t\t\t\t<\/span>\n\t\t\t\t\t\t\t\t\t\t\t\t\t\t\t\t\t\t\t\t<\/div>\n\t\t\t\t\t<\/div>\n\t\t\t\t\t\t\t\t\t<div class=\"elementor-grid-item\">\n\t\t\t\t\t\t<div\n\t\t\t\t\t\t\tclass=\"elementor-share-btn elementor-share-btn_twitter\"\n\t\t\t\t\t\t\trole=\"button\"\n\t\t\t\t\t\t\ttabindex=\"0\"\n\t\t\t\t\t\t\taria-label=\"Share on twitter\"\n\t\t\t\t\t\t>\n\t\t\t\t\t\t\t\t\t\t\t\t\t\t\t<span class=\"elementor-share-btn__icon\">\n\t\t\t\t\t\t\t\t<i class=\"fab fa-twitter\" aria-hidden=\"true\"><\/i>\t\t\t\t\t\t\t<\/span>\n\t\t\t\t\t\t\t\t\t\t\t\t\t\t\t\t\t\t\t\t<\/div>\n\t\t\t\t\t<\/div>\n\t\t\t\t\t\t\t\t\t<div class=\"elementor-grid-item\">\n\t\t\t\t\t\t<div\n\t\t\t\t\t\t\tclass=\"elementor-share-btn elementor-share-btn_linkedin\"\n\t\t\t\t\t\t\trole=\"button\"\n\t\t\t\t\t\t\ttabindex=\"0\"\n\t\t\t\t\t\t\taria-label=\"Share on linkedin\"\n\t\t\t\t\t\t>\n\t\t\t\t\t\t\t\t\t\t\t\t\t\t\t<span class=\"elementor-share-btn__icon\">\n\t\t\t\t\t\t\t\t<i class=\"fab fa-linkedin\" aria-hidden=\"true\"><\/i>\t\t\t\t\t\t\t<\/span>\n\t\t\t\t\t\t\t\t\t\t\t\t\t\t\t\t\t\t\t\t<\/div>\n\t\t\t\t\t<\/div>\n\t\t\t\t\t\t\t\t\t<div class=\"elementor-grid-item\">\n\t\t\t\t\t\t<div\n\t\t\t\t\t\t\tclass=\"elementor-share-btn elementor-share-btn_email\"\n\t\t\t\t\t\t\trole=\"button\"\n\t\t\t\t\t\t\ttabindex=\"0\"\n\t\t\t\t\t\t\taria-label=\"Share on email\"\n\t\t\t\t\t\t>\n\t\t\t\t\t\t\t\t\t\t\t\t\t\t\t<span class=\"elementor-share-btn__icon\">\n\t\t\t\t\t\t\t\t<i class=\"fas fa-envelope\" aria-hidden=\"true\"><\/i>\t\t\t\t\t\t\t<\/span>\n\t\t\t\t\t\t\t\t\t\t\t\t\t\t\t\t\t\t\t\t<\/div>\n\t\t\t\t\t<\/div>\n\t\t\t\t\t\t<\/div>\n\t\t\t\t\t\t<\/div>\n\t\t\t\t<\/div>\n\t\t\t\t\t<\/div>\n\t\t<\/div>\n\t\t\t\t\t<\/div>\n\t\t<\/section>\n\t\t\t\t<section class=\"elementor-section elementor-top-section elementor-element elementor-element-1d856799 elementor-section-boxed elementor-section-height-default elementor-section-height-default\" data-id=\"1d856799\" data-element_type=\"section\" data-e-type=\"section\">\n\t\t\t\t\t\t<div class=\"elementor-container elementor-column-gap-default\">\n\t\t\t\t\t<div class=\"elementor-column elementor-col-50 elementor-top-column elementor-element elementor-element-ca195c8\" data-id=\"ca195c8\" data-element_type=\"column\" data-e-type=\"column\">\n\t\t\t<div class=\"elementor-widget-wrap elementor-element-populated\">\n\t\t\t\t\t\t<div class=\"elementor-element elementor-element-54486183 elementor-widget elementor-widget-text-editor\" data-id=\"54486183\" data-element_type=\"widget\" data-e-type=\"widget\" data-widget_type=\"text-editor.default\">\n\t\t\t\t<div class=\"elementor-widget-container\">\n\t\t\t\t\t\t\t\t\t<p>Synopsis<\/p><p>O que acontece quando um jornalista de futebol falido, que secretamente usa seu programa de TV para vender jogadores para clubes de baixo or\u00e7amento na Pol\u00f4nia, liberta uma estrela brasileira do futebol que estava presa e acaba liderando a maior tomada de controle do futebol polon\u00eas? A primeira com\u00e9dia brasileira-polonesa de ritmo acelerado.<\/p><p>Production Company:\u00a0<span style=\"background-color: var( --e-global-color-91455cb ); color: var( --e-global-color-dea41e4 ); font-family: var( --e-global-typography-b2ce6af-font-family ), Sans-serif; font-size: var( --e-global-typography-b2ce6af-font-size );\">Bi\u00f4nica Filmes, Apple Films<\/span><\/p><p>Coprodu\u00e7\u00e3o:\u00a0<span style=\"background-color: var( --e-global-color-91455cb ); color: var( --e-global-color-dea41e4 ); font-family: var( --e-global-typography-b2ce6af-font-family ), Sans-serif; font-size: var( --e-global-typography-b2ce6af-font-size );\">Claro, Warner Bros<\/span><\/p><p>Formato:\u00a0<span style=\"background-color: var( --e-global-color-91455cb ); color: var( --e-global-color-dea41e4 ); font-family: var( --e-global-typography-b2ce6af-font-family ), Sans-serif; font-size: var( --e-global-typography-b2ce6af-font-size );\">Longa-metragem<\/span><\/p><p>Dura\u00e7\u00e3o:\u00a0<span style=\"background-color: var( --e-global-color-91455cb ); color: var( --e-global-color-dea41e4 ); font-family: var( --e-global-typography-b2ce6af-font-family ), Sans-serif; font-size: var( --e-global-typography-b2ce6af-font-size );\">118\u2019<\/span><\/p><p>G\u00eanero:\u00a0<span style=\"background-color: var( --e-global-color-91455cb ); color: var( --e-global-color-dea41e4 ); font-family: var( --e-global-typography-b2ce6af-font-family ), Sans-serif; font-size: var( --e-global-typography-b2ce6af-font-size );\">Comedy<\/span><\/p><p>Or\u00e7amento:\u00a0<span style=\"background-color: var( --e-global-color-91455cb ); color: var( --e-global-color-dea41e4 ); font-family: var( --e-global-typography-b2ce6af-font-family ), Sans-serif; font-size: var( --e-global-typography-b2ce6af-font-size );\">\u20ac2.220.976,13<\/span><\/p><p>Director:\u00a0<span style=\"background-color: var( --e-global-color-91455cb ); color: var( --e-global-color-dea41e4 ); font-family: var( --e-global-typography-b2ce6af-font-family ), Sans-serif; font-size: var( --e-global-typography-b2ce6af-font-size );\">Paulinho Caruso<\/span><\/p><p>Screenwriter:\u00a0<span style=\"background-color: var( --e-global-color-91455cb ); color: var( --e-global-color-dea41e4 ); font-family: var( --e-global-typography-b2ce6af-font-family ), Sans-serif; font-size: var( --e-global-typography-b2ce6af-font-size );\">Daniel Furlan, Caito Mainier<\/span><\/p><p>Pa\u00eds:\u00a0<span style=\"background-color: var( --e-global-color-91455cb ); color: var( --e-global-color-dea41e4 ); font-family: var( --e-global-typography-b2ce6af-font-family ), Sans-serif; font-size: var( --e-global-typography-b2ce6af-font-size );\">Brasil, Pol\u00f4nia<\/span><\/p><p>Idioma:\u00a0<span style=\"background-color: var( --e-global-color-91455cb ); color: var( --e-global-color-dea41e4 ); font-family: var( --e-global-typography-b2ce6af-font-family ), Sans-serif; font-size: var( --e-global-typography-b2ce6af-font-size );\">Portugu\u00eas, Polon\u00eas<\/span><\/p><p>Filmagens:\u00a0<span style=\"background-color: var( --e-global-color-91455cb ); color: var( --e-global-color-dea41e4 ); font-family: var( --e-global-typography-b2ce6af-font-family ), Sans-serif; font-size: var( --e-global-typography-b2ce6af-font-size );\">Brasil, Pol\u00f4nia<\/span><\/p><p>Status:\u00a0<span style=\"background-color: var( --e-global-color-91455cb ); color: var( --e-global-color-dea41e4 ); font-family: var( --e-global-typography-b2ce6af-font-family ), Sans-serif; font-size: var( --e-global-typography-b2ce6af-font-size );\">P\u00f3s-produ\u00e7\u00e3o<\/span><\/p><p><!-- \/wp:paragraph --><\/p>\t\t\t\t\t\t\t\t<\/div>\n\t\t\t\t<\/div>\n\t\t\t\t\t<\/div>\n\t\t<\/div>\n\t\t\t\t<div class=\"elementor-column elementor-col-50 elementor-top-column elementor-element elementor-element-9900ca9 elementor-invisible\" data-id=\"9900ca9\" data-element_type=\"column\" data-e-type=\"column\" data-settings=\"{&quot;animation&quot;:&quot;fadeInRight&quot;}\">\n\t\t\t<div class=\"elementor-widget-wrap elementor-element-populated\">\n\t\t\t\t\t\t<div class=\"elementor-element elementor-element-acbbe59 elementor-widget__width-initial elementor-widget elementor-widget-image\" data-id=\"acbbe59\" data-element_type=\"widget\" data-e-type=\"widget\" data-widget_type=\"image.default\">\n\t\t\t\t<div class=\"elementor-widget-container\">\n\t\t\t\t\t\t\t\t\t\t\t\t\t\t\t<img decoding=\"async\" width=\"2048\" height=\"935\" src=\"https:\/\/bionicafilmes.com.br\/wp-content\/uploads\/2026\/03\/205A9553-1-scaled.jpg\" class=\"attachment-2048x2048 size-2048x2048 wp-image-1629\" alt=\"\" srcset=\"https:\/\/bionicafilmes.com.br\/wp-content\/uploads\/2026\/03\/205A9553-1-scaled.jpg 2560w, https:\/\/bionicafilmes.com.br\/wp-content\/uploads\/2026\/03\/205A9553-1-300x137.jpg 300w, https:\/\/bionicafilmes.com.br\/wp-content\/uploads\/2026\/03\/205A9553-1-1024x468.jpg 1024w, https:\/\/bionicafilmes.com.br\/wp-content\/uploads\/2026\/03\/205A9553-1-768x351.jpg 768w, https:\/\/bionicafilmes.com.br\/wp-content\/uploads\/2026\/03\/205A9553-1-1536x702.jpg 1536w\" sizes=\"(max-width: 2048px) 100vw, 2048px\" \/>\t\t\t\t\t\t\t\t\t\t\t\t\t\t\t<\/div>\n\t\t\t\t<\/div>\n\t\t\t\t\t<\/div>\n\t\t<\/div>\n\t\t\t\t\t<\/div>\n\t\t<\/section>\n\t\t\t\t<\/div>","protected":false},"excerpt":{"rendered":"<p>Compartilhar Sinopse O que acontece quando um jornalista de futebol falido, que secretamente usa seu programa de TV para vender jogadores para clubes de baixo or\u00e7amento na Pol\u00f4nia, liberta uma estrela brasileira do futebol que estava presa e acaba liderando a maior tomada de controle do futebol polon\u00eas? A primeira com\u00e9dia brasileira-polonesa de ritmo acelerado. [&hellip;]<\/p>","protected":false},"author":1,"featured_media":1630,"parent":0,"menu_order":0,"comment_status":"closed","ping_status":"closed","template":"","meta":{"footnotes":""},"class_list":["post-1636","page","type-page","status-publish","has-post-thumbnail","hentry"],"yoast_head":"<!-- This site is optimized with the Yoast SEO plugin v27.2 - https:\/\/yoast.com\/product\/yoast-seo-wordpress\/ -->\n<title>- Bi\u00f4nica Filmes<\/title>\n<meta name=\"robots\" content=\"index, follow, max-snippet:-1, max-image-preview:large, max-video-preview:-1\" \/>\n<link rel=\"canonical\" href=\"https:\/\/bionicafilmes.com.br\/en\/passaporte-para-polonia\/\" \/>\n<meta property=\"og:locale\" content=\"en_US\" \/>\n<meta property=\"og:type\" content=\"article\" \/>\n<meta property=\"og:title\" content=\"- Bi\u00f4nica Filmes\" \/>\n<meta property=\"og:description\" content=\"Compartilhar Sinopse O que acontece quando um jornalista de futebol falido, que secretamente usa seu programa de TV para vender jogadores para clubes de baixo or\u00e7amento na Pol\u00f4nia, liberta uma estrela brasileira do futebol que estava presa e acaba liderando a maior tomada de controle do futebol polon\u00eas? A primeira com\u00e9dia brasileira-polonesa de ritmo acelerado. [&hellip;]\" \/>\n<meta property=\"og:url\" content=\"https:\/\/bionicafilmes.com.br\/en\/passaporte-para-polonia\/\" \/>\n<meta property=\"og:site_name\" content=\"Bi\u00f4nica Filmes\" \/>\n<meta property=\"article:publisher\" content=\"https:\/\/www.facebook.com\/bionicafilmes\" \/>\n<meta property=\"article:modified_time\" content=\"2026-03-24T20:41:06+00:00\" \/>\n<meta property=\"og:image\" content=\"https:\/\/bionicafilmes.com.br\/wp-content\/uploads\/2026\/03\/PPP_Still_02.jpeg\" \/>\n\t<meta property=\"og:image:width\" content=\"1280\" \/>\n\t<meta property=\"og:image:height\" content=\"538\" \/>\n\t<meta property=\"og:image:type\" content=\"image\/jpeg\" \/>\n<meta name=\"twitter:card\" content=\"summary_large_image\" \/>\n<meta name=\"twitter:label1\" content=\"Est. reading time\" \/>\n\t<meta name=\"twitter:data1\" content=\"1 minute\" \/>\n<script type=\"application\/ld+json\" class=\"yoast-schema-graph\">{\"@context\":\"https:\/\/schema.org\",\"@graph\":[{\"@type\":\"WebPage\",\"@id\":\"https:\/\/bionicafilmes.com.br\/passaporte-para-polonia\/\",\"url\":\"https:\/\/bionicafilmes.com.br\/passaporte-para-polonia\/\",\"name\":\"- Bi\u00f4nica Filmes\",\"isPartOf\":{\"@id\":\"https:\/\/bionicafilmes.com.br\/#website\"},\"primaryImageOfPage\":{\"@id\":\"https:\/\/bionicafilmes.com.br\/passaporte-para-polonia\/#primaryimage\"},\"image\":{\"@id\":\"https:\/\/bionicafilmes.com.br\/passaporte-para-polonia\/#primaryimage\"},\"thumbnailUrl\":\"https:\/\/bionicafilmes.com.br\/wp-content\/uploads\/2026\/03\/PPP_Still_02.jpeg\",\"datePublished\":\"2026-03-10T21:34:28+00:00\",\"dateModified\":\"2026-03-24T20:41:06+00:00\",\"inLanguage\":\"en-US\",\"potentialAction\":[{\"@type\":\"ReadAction\",\"target\":[\"https:\/\/bionicafilmes.com.br\/passaporte-para-polonia\/\"]}]},{\"@type\":\"ImageObject\",\"inLanguage\":\"en-US\",\"@id\":\"https:\/\/bionicafilmes.com.br\/passaporte-para-polonia\/#primaryimage\",\"url\":\"https:\/\/bionicafilmes.com.br\/wp-content\/uploads\/2026\/03\/PPP_Still_02.jpeg\",\"contentUrl\":\"https:\/\/bionicafilmes.com.br\/wp-content\/uploads\/2026\/03\/PPP_Still_02.jpeg\",\"width\":1280,\"height\":538,\"caption\":\"Passaporte para P\u00f4lonia\"},{\"@type\":\"WebSite\",\"@id\":\"https:\/\/bionicafilmes.com.br\/#website\",\"url\":\"https:\/\/bionicafilmes.com.br\/\",\"name\":\"Bi\u00f4nica Filmes\",\"description\":\"\",\"publisher\":{\"@id\":\"https:\/\/bionicafilmes.com.br\/#organization\"},\"potentialAction\":[{\"@type\":\"SearchAction\",\"target\":{\"@type\":\"EntryPoint\",\"urlTemplate\":\"https:\/\/bionicafilmes.com.br\/?s={search_term_string}\"},\"query-input\":{\"@type\":\"PropertyValueSpecification\",\"valueRequired\":true,\"valueName\":\"search_term_string\"}}],\"inLanguage\":\"en-US\"},{\"@type\":\"Organization\",\"@id\":\"https:\/\/bionicafilmes.com.br\/#organization\",\"name\":\"Bi\u00f4nica Filmes\",\"url\":\"https:\/\/bionicafilmes.com.br\/\",\"logo\":{\"@type\":\"ImageObject\",\"inLanguage\":\"en-US\",\"@id\":\"https:\/\/bionicafilmes.com.br\/#\/schema\/logo\/image\/\",\"url\":\"https:\/\/bionicafilmes.com.br\/wp-content\/uploads\/2023\/06\/logo-black.png\",\"contentUrl\":\"https:\/\/bionicafilmes.com.br\/wp-content\/uploads\/2023\/06\/logo-black.png\",\"width\":400,\"height\":121,\"caption\":\"Bi\u00f4nica Filmes\"},\"image\":{\"@id\":\"https:\/\/bionicafilmes.com.br\/#\/schema\/logo\/image\/\"},\"sameAs\":[\"https:\/\/www.facebook.com\/bionicafilmes\",\"https:\/\/www.instagram.com\/bionicafilmes\",\"https:\/\/www.linkedin.com\/company\/binica-filmes\/\"]}]}<\/script>\n<!-- \/ Yoast SEO plugin. -->","yoast_head_json":{"title":"- Bi\u00f4nica Filmes","robots":{"index":"index","follow":"follow","max-snippet":"max-snippet:-1","max-image-preview":"max-image-preview:large","max-video-preview":"max-video-preview:-1"},"canonical":"https:\/\/bionicafilmes.com.br\/en\/passaporte-para-polonia\/","og_locale":"en_US","og_type":"article","og_title":"- Bi\u00f4nica Filmes","og_description":"Compartilhar Sinopse O que acontece quando um jornalista de futebol falido, que secretamente usa seu programa de TV para vender jogadores para clubes de baixo or\u00e7amento na Pol\u00f4nia, liberta uma estrela brasileira do futebol que estava presa e acaba liderando a maior tomada de controle do futebol polon\u00eas? A primeira com\u00e9dia brasileira-polonesa de ritmo acelerado. [&hellip;]","og_url":"https:\/\/bionicafilmes.com.br\/en\/passaporte-para-polonia\/","og_site_name":"Bi\u00f4nica Filmes","article_publisher":"https:\/\/www.facebook.com\/bionicafilmes","article_modified_time":"2026-03-24T20:41:06+00:00","og_image":[{"width":1280,"height":538,"url":"https:\/\/bionicafilmes.com.br\/wp-content\/uploads\/2026\/03\/PPP_Still_02.jpeg","type":"image\/jpeg"}],"twitter_card":"summary_large_image","twitter_misc":{"Est. reading time":"1 minute"},"schema":{"@context":"https:\/\/schema.org","@graph":[{"@type":"WebPage","@id":"https:\/\/bionicafilmes.com.br\/passaporte-para-polonia\/","url":"https:\/\/bionicafilmes.com.br\/passaporte-para-polonia\/","name":"- Bi\u00f4nica Filmes","isPartOf":{"@id":"https:\/\/bionicafilmes.com.br\/#website"},"primaryImageOfPage":{"@id":"https:\/\/bionicafilmes.com.br\/passaporte-para-polonia\/#primaryimage"},"image":{"@id":"https:\/\/bionicafilmes.com.br\/passaporte-para-polonia\/#primaryimage"},"thumbnailUrl":"https:\/\/bionicafilmes.com.br\/wp-content\/uploads\/2026\/03\/PPP_Still_02.jpeg","datePublished":"2026-03-10T21:34:28+00:00","dateModified":"2026-03-24T20:41:06+00:00","inLanguage":"en-US","potentialAction":[{"@type":"ReadAction","target":["https:\/\/bionicafilmes.com.br\/passaporte-para-polonia\/"]}]},{"@type":"ImageObject","inLanguage":"en-US","@id":"https:\/\/bionicafilmes.com.br\/passaporte-para-polonia\/#primaryimage","url":"https:\/\/bionicafilmes.com.br\/wp-content\/uploads\/2026\/03\/PPP_Still_02.jpeg","contentUrl":"https:\/\/bionicafilmes.com.br\/wp-content\/uploads\/2026\/03\/PPP_Still_02.jpeg","width":1280,"height":538,"caption":"Passaporte para P\u00f4lonia"},{"@type":"WebSite","@id":"https:\/\/bionicafilmes.com.br\/#website","url":"https:\/\/bionicafilmes.com.br\/","name":"Bi\u00f4nica Filmes","description":"","publisher":{"@id":"https:\/\/bionicafilmes.com.br\/#organization"},"potentialAction":[{"@type":"SearchAction","target":{"@type":"EntryPoint","urlTemplate":"https:\/\/bionicafilmes.com.br\/?s={search_term_string}"},"query-input":{"@type":"PropertyValueSpecification","valueRequired":true,"valueName":"search_term_string"}}],"inLanguage":"en-US"},{"@type":"Organization","@id":"https:\/\/bionicafilmes.com.br\/#organization","name":"Bi\u00f4nica Filmes","url":"https:\/\/bionicafilmes.com.br\/","logo":{"@type":"ImageObject","inLanguage":"en-US","@id":"https:\/\/bionicafilmes.com.br\/#\/schema\/logo\/image\/","url":"https:\/\/bionicafilmes.com.br\/wp-content\/uploads\/2023\/06\/logo-black.png","contentUrl":"https:\/\/bionicafilmes.com.br\/wp-content\/uploads\/2023\/06\/logo-black.png","width":400,"height":121,"caption":"Bi\u00f4nica Filmes"},"image":{"@id":"https:\/\/bionicafilmes.com.br\/#\/schema\/logo\/image\/"},"sameAs":["https:\/\/www.facebook.com\/bionicafilmes","https:\/\/www.instagram.com\/bionicafilmes","https:\/\/www.linkedin.com\/company\/binica-filmes\/"]}]}},"_links":{"self":[{"href":"https:\/\/bionicafilmes.com.br\/en\/wp-json\/wp\/v2\/pages\/1636","targetHints":{"allow":["GET"]}}],"collection":[{"href":"https:\/\/bionicafilmes.com.br\/en\/wp-json\/wp\/v2\/pages"}],"about":[{"href":"https:\/\/bionicafilmes.com.br\/en\/wp-json\/wp\/v2\/types\/page"}],"author":[{"embeddable":true,"href":"https:\/\/bionicafilmes.com.br\/en\/wp-json\/wp\/v2\/users\/1"}],"replies":[{"embeddable":true,"href":"https:\/\/bionicafilmes.com.br\/en\/wp-json\/wp\/v2\/comments?post=1636"}],"version-history":[{"count":61,"href":"https:\/\/bionicafilmes.com.br\/en\/wp-json\/wp\/v2\/pages\/1636\/revisions"}],"predecessor-version":[{"id":1714,"href":"https:\/\/bionicafilmes.com.br\/en\/wp-json\/wp\/v2\/pages\/1636\/revisions\/1714"}],"wp:featuredmedia":[{"embeddable":true,"href":"https:\/\/bionicafilmes.com.br\/en\/wp-json\/wp\/v2\/media\/1630"}],"wp:attachment":[{"href":"https:\/\/bionicafilmes.com.br\/en\/wp-json\/wp\/v2\/media?parent=1636"}],"curies":[{"name":"wp","href":"https:\/\/api.w.org\/{rel}","templated":true}]}}