{"id":215,"date":"2023-06-23T20:06:03","date_gmt":"2023-06-23T23:06:03","guid":{"rendered":"https:\/\/bionicafilmes.com.br\/?page_id=215"},"modified":"2025-08-21T11:10:34","modified_gmt":"2025-08-21T14:10:34","slug":"a-produtora","status":"publish","type":"page","link":"https:\/\/bionicafilmes.com.br\/en\/a-produtora\/","title":{"rendered":"The Company"},"content":{"rendered":"<div data-elementor-type=\"wp-page\" data-elementor-id=\"215\" class=\"elementor elementor-215\" data-elementor-post-type=\"page\">\n\t\t\t\t\t\t<section class=\"elementor-section elementor-top-section elementor-element elementor-element-4b900b2f elementor-section-boxed elementor-section-height-default elementor-section-height-default\" data-id=\"4b900b2f\" data-element_type=\"section\" data-e-type=\"section\" data-settings=\"{&quot;background_background&quot;:&quot;classic&quot;}\">\n\t\t\t\t\t\t\t<div class=\"elementor-background-overlay\"><\/div>\n\t\t\t\t\t\t\t<div class=\"elementor-container elementor-column-gap-default\">\n\t\t\t\t\t<div class=\"elementor-column elementor-col-100 elementor-top-column elementor-element elementor-element-121eed57 elementor-invisible\" data-id=\"121eed57\" data-element_type=\"column\" data-e-type=\"column\" data-settings=\"{&quot;animation&quot;:&quot;fadeIn&quot;}\">\n\t\t\t<div class=\"elementor-widget-wrap elementor-element-populated\">\n\t\t\t\t\t\t<div class=\"elementor-element elementor-element-3cd69bf0 elementor-widget elementor-widget-heading\" data-id=\"3cd69bf0\" data-element_type=\"widget\" data-e-type=\"widget\" data-widget_type=\"heading.default\">\n\t\t\t\t<div class=\"elementor-widget-container\">\n\t\t\t\t\t<h1 class=\"elementor-heading-title elementor-size-default\">The Company<\/h1>\t\t\t\t<\/div>\n\t\t\t\t<\/div>\n\t\t\t\t\t<\/div>\n\t\t<\/div>\n\t\t\t\t\t<\/div>\n\t\t<\/section>\n\t\t\t\t<section class=\"elementor-section elementor-top-section elementor-element elementor-element-3b7d2797 elementor-section-boxed elementor-section-height-default elementor-section-height-default\" data-id=\"3b7d2797\" data-element_type=\"section\" data-e-type=\"section\" data-settings=\"{&quot;background_background&quot;:&quot;classic&quot;}\">\n\t\t\t\t\t\t<div class=\"elementor-container elementor-column-gap-default\">\n\t\t\t\t\t<div class=\"elementor-column elementor-col-100 elementor-top-column elementor-element elementor-element-267379f8 elementor-invisible\" data-id=\"267379f8\" data-element_type=\"column\" data-e-type=\"column\" data-settings=\"{&quot;animation&quot;:&quot;fadeInUp&quot;}\">\n\t\t\t<div class=\"elementor-widget-wrap elementor-element-populated\">\n\t\t\t\t\t\t<div class=\"elementor-element elementor-element-358c5754 elementor-widget elementor-widget-text-editor\" data-id=\"358c5754\" data-element_type=\"widget\" data-e-type=\"widget\" data-widget_type=\"text-editor.default\">\n\t\t\t\t<div class=\"elementor-widget-container\">\n\t\t\t\t\t\t\t\t\t<p dir=\"ltr\" style=\"box-sizing: inherit; margin-right: 0px; margin-bottom: 8px; margin-left: 0px; padding: 0px; border: 0px; font-size: 15px; vertical-align: baseline; color: #323338; font-family: Figtree, Roboto, 'Noto Sans Hebrew', 'Noto Kufi Arabic', 'Noto Sans JP', sans-serif; outline: none !important;\">Founded in 2012 by Bianca Villar, Fernando Fraiha, and Karen Castanho, Bi\u00f4nica Filmes has established itself as one of the leading production companies in the Brazilian film industry. With a diverse portfolio of 18 feature films and 4 series, Bi\u00f4nica focuses on works with both commercial potential and artistic value.<\/p><p dir=\"ltr\" style=\"box-sizing: inherit; margin-right: 0px; margin-bottom: 8px; margin-left: 0px; padding: 0px; border: 0px; font-size: 15px; vertical-align: baseline; color: #323338; font-family: Figtree, Roboto, 'Noto Sans Hebrew', 'Noto Kufi Arabic', 'Noto Sans JP', sans-serif; outline: none !important;\">Recent highlights include\u00a0<em style=\"box-sizing: inherit; margin: 0px; padding: 0px; border: 0px; vertical-align: baseline; outline: none !important;\">Chuck Billy and the Marvelous Guava Tree<\/em>\u00a0(2025), which drew over 1 million moviegoers;\u00a0<em style=\"box-sizing: inherit; margin: 0px; padding: 0px; border: 0px; vertical-align: baseline; outline: none !important;\">The Best Mother In The World<\/em>\u00a0(2025), directed by Anna Muylaert\u2014premiered at the 2025 Berlin International Film Festival (Berlinale) and already winner of 17 major awards; and the documentary\u00a0<em style=\"box-sizing: inherit; margin: 0px; padding: 0px; border: 0px; vertical-align: baseline; outline: none !important;\">Ritas\u00a0<\/em>(2025), which reached more than 40,000 viewers and became the most-watched Brazilian documentary in theaters in 2025.<\/p><p dir=\"ltr\" style=\"box-sizing: inherit; margin-right: 0px; margin-bottom: 8px; margin-left: 0px; padding: 0px; border: 0px; font-size: 15px; vertical-align: baseline; color: #323338; font-family: Figtree, Roboto, 'Noto Sans Hebrew', 'Noto Kufi Arabic', 'Noto Sans JP', sans-serif; outline: none !important;\">In 2023, Bi\u00f4nica released\u00a0<em style=\"box-sizing: inherit; margin: 0px; padding: 0px; border: 0px; vertical-align: baseline; outline: none !important;\">Toll<\/em>, directed by Carolina Markowicz, which premiered at the Toronto International Film Festival (TIFF) and was selected for more than 70 film festivals, winning 29 awards, including Best Film at the Rome, Ostend, and Leeds festivals, as well as the Brazilian Academy Awards (Grande Pr\u00eamio do Cinema Brasileiro) for Best Fiction Feature, Best Director, and Best Screenplay. Markowicz\u2019s new film is set to premiere in 2026.<\/p><p dir=\"ltr\" style=\"box-sizing: inherit; margin-right: 0px; margin-bottom: 8px; margin-left: 0px; padding: 0px; border: 0px; font-size: 15px; vertical-align: baseline; color: #323338; font-family: Figtree, Roboto, 'Noto Sans Hebrew', 'Noto Kufi Arabic', 'Noto Sans JP', sans-serif; outline: none !important;\">Over the past 12 years, Bi\u00f4nica Filmes productions have brought more than 8 million people to Brazilian theaters, topping the national box office in four different years with<em style=\"box-sizing: inherit; margin: 0px; padding: 0px; border: 0px; vertical-align: baseline; outline: none !important;\">\u00a0Men Are from Mars... And That's Where I'm Going!<\/em>\u00a0(2014),\u00a0<em style=\"box-sizing: inherit; margin: 0px; padding: 0px; border: 0px; vertical-align: baseline; outline: none !important;\">Monica and Friends: Bonds<\/em>\u00a0(2019) e\u00a0<em style=\"box-sizing: inherit; margin: 0px; padding: 0px; border: 0px; vertical-align: baseline; outline: none !important;\">Monica and Friends: Lessons\u00a0<\/em>(2021), and, in 2025,\u00a0<em style=\"box-sizing: inherit; margin: 0px; padding: 0px; border: 0px; vertical-align: baseline; outline: none !important;\">Chuck Billy and the Marvelous Guava Tree<\/em>.<\/p><p dir=\"ltr\" style=\"box-sizing: inherit; margin-right: 0px; margin-bottom: 8px; margin-left: 0px; padding: 0px; border: 0px; font-size: 15px; vertical-align: baseline; color: #323338; font-family: Figtree, Roboto, 'Noto Sans Hebrew', 'Noto Kufi Arabic', 'Noto Sans JP', sans-serif; outline: none !important;\">In 2025, the company is also releasing Daniel Rezende\u2019s feature\u00a0<em style=\"box-sizing: inherit; margin: 0px; padding: 0px; border: 0px; vertical-align: baseline; outline: none !important;\">The Son of a Thousand Men<\/em>, and the documentary\u00a0<em style=\"box-sizing: inherit; margin: 0px; padding: 0px; border: 0px; vertical-align: baseline; outline: none !important;\">Apolo<\/em>, by Tain\u00e1 M\u00fcller and Isis Broken. Currently in post-production are two projects in partnership with TV Quase: the series\u00a0<em style=\"box-sizing: inherit; margin: 0px; padding: 0px; border: 0px; vertical-align: baseline; outline: none !important;\">Choque de Cultura<\/em>\u00a0and the feature\u00a0<em style=\"box-sizing: inherit; margin: 0px; padding: 0px; border: 0px; vertical-align: baseline; outline: none !important;\">Passport to Poland,\u00a0<\/em>inspired by the series Falha de Cobertura.<\/p>\t\t\t\t\t\t\t\t<\/div>\n\t\t\t\t<\/div>\n\t\t\t\t<section class=\"elementor-section elementor-inner-section elementor-element elementor-element-45650585 elementor-section-boxed elementor-section-height-default elementor-section-height-default\" data-id=\"45650585\" data-element_type=\"section\" data-e-type=\"section\">\n\t\t\t\t\t\t<div class=\"elementor-container elementor-column-gap-default\">\n\t\t\t\t\t<div class=\"elementor-column elementor-col-25 elementor-inner-column elementor-element elementor-element-73ed9c6e\" data-id=\"73ed9c6e\" data-element_type=\"column\" data-e-type=\"column\">\n\t\t\t<div class=\"elementor-widget-wrap\">\n\t\t\t\t\t\t\t<\/div>\n\t\t<\/div>\n\t\t\t\t<div class=\"elementor-column elementor-col-25 elementor-inner-column elementor-element elementor-element-cde8422\" data-id=\"cde8422\" data-element_type=\"column\" data-e-type=\"column\">\n\t\t\t<div class=\"elementor-widget-wrap\">\n\t\t\t\t\t\t\t<\/div>\n\t\t<\/div>\n\t\t\t\t<div class=\"elementor-column elementor-col-25 elementor-inner-column elementor-element elementor-element-682c6dc9\" data-id=\"682c6dc9\" data-element_type=\"column\" data-e-type=\"column\">\n\t\t\t<div class=\"elementor-widget-wrap\">\n\t\t\t\t\t\t\t<\/div>\n\t\t<\/div>\n\t\t\t\t<div class=\"elementor-column elementor-col-25 elementor-inner-column elementor-element elementor-element-5d2f48c5\" data-id=\"5d2f48c5\" data-element_type=\"column\" data-e-type=\"column\">\n\t\t\t<div class=\"elementor-widget-wrap\">\n\t\t\t\t\t\t\t<\/div>\n\t\t<\/div>\n\t\t\t\t\t<\/div>\n\t\t<\/section>\n\t\t\t\t\t<\/div>\n\t\t<\/div>\n\t\t\t\t\t<\/div>\n\t\t<\/section>\n\t\t\t\t<section class=\"elementor-section elementor-top-section elementor-element elementor-element-192b055 elementor-section-boxed elementor-section-height-default elementor-section-height-default\" data-id=\"192b055\" data-element_type=\"section\" data-e-type=\"section\">\n\t\t\t\t\t\t<div class=\"elementor-container elementor-column-gap-default\">\n\t\t\t\t\t<div class=\"elementor-column elementor-col-100 elementor-top-column elementor-element elementor-element-30eda75\" data-id=\"30eda75\" data-element_type=\"column\" data-e-type=\"column\">\n\t\t\t<div class=\"elementor-widget-wrap elementor-element-populated\">\n\t\t\t\t\t\t<section class=\"elementor-section elementor-inner-section elementor-element elementor-element-842bb52 elementor-section-boxed elementor-section-height-default elementor-section-height-default\" data-id=\"842bb52\" data-element_type=\"section\" data-e-type=\"section\" data-settings=\"{&quot;background_background&quot;:&quot;slideshow&quot;,&quot;background_slideshow_gallery&quot;:[],&quot;background_slideshow_loop&quot;:&quot;yes&quot;,&quot;background_slideshow_slide_duration&quot;:5000,&quot;background_slideshow_slide_transition&quot;:&quot;fade&quot;,&quot;background_slideshow_transition_duration&quot;:500}\">\n\t\t\t\t\t\t<div class=\"elementor-container elementor-column-gap-default\">\n\t\t\t\t\t<div class=\"elementor-column elementor-col-50 elementor-inner-column elementor-element elementor-element-5ff08fd\" data-id=\"5ff08fd\" data-element_type=\"column\" data-e-type=\"column\">\n\t\t\t<div class=\"elementor-widget-wrap\">\n\t\t\t\t\t\t\t<\/div>\n\t\t<\/div>\n\t\t\t\t<div class=\"elementor-column elementor-col-50 elementor-inner-column elementor-element elementor-element-4dbffd6\" data-id=\"4dbffd6\" data-element_type=\"column\" data-e-type=\"column\">\n\t\t\t<div class=\"elementor-widget-wrap\">\n\t\t\t\t\t\t\t<\/div>\n\t\t<\/div>\n\t\t\t\t\t<\/div>\n\t\t<\/section>\n\t\t\t\t\t<\/div>\n\t\t<\/div>\n\t\t\t\t\t<\/div>\n\t\t<\/section>\n\t\t\t\t<\/div>","protected":false},"excerpt":{"rendered":"<p>Fundada em 2012 por Bianca Villar, Fernando Fraiha e Karen Castanho, a Bi\u00f4nica Filmes consolidou-se como uma das principais produtoras do audiovisual brasileiro. Com um portf\u00f3lio diversificado que inclui 18 longas-metragens e 4 s\u00e9ries, a Bi\u00f4nica \u00e9 focada em filmes com potencial comercial e valor art\u00edstico. Entre suas conquistas mais recentes est\u00e3o os longas\u00a0Chico Bento [&hellip;]<\/p>","protected":false},"author":1,"featured_media":0,"parent":0,"menu_order":0,"comment_status":"closed","ping_status":"closed","template":"elementor_header_footer","meta":{"footnotes":""},"class_list":["post-215","page","type-page","status-publish","hentry"],"yoast_head":"<!-- This site is optimized with the Yoast SEO plugin v27.2 - https:\/\/yoast.com\/product\/yoast-seo-wordpress\/ -->\n<title>A Produtora - Bi\u00f4nica Filmes<\/title>\n<meta name=\"robots\" content=\"index, follow, max-snippet:-1, max-image-preview:large, max-video-preview:-1\" \/>\n<link rel=\"canonical\" href=\"https:\/\/bionicafilmes.com.br\/en\/a-produtora\/\" \/>\n<meta property=\"og:locale\" content=\"en_US\" \/>\n<meta property=\"og:type\" content=\"article\" \/>\n<meta property=\"og:title\" content=\"A Produtora - Bi\u00f4nica Filmes\" \/>\n<meta property=\"og:description\" content=\"Fundada em 2012 por Bianca Villar, Fernando Fraiha e Karen Castanho, a Bi\u00f4nica Filmes consolidou-se como uma das principais produtoras do audiovisual brasileiro. Com um portf\u00f3lio diversificado que inclui 18 longas-metragens e 4 s\u00e9ries, a Bi\u00f4nica \u00e9 focada em filmes com potencial comercial e valor art\u00edstico. Entre suas conquistas mais recentes est\u00e3o os longas\u00a0Chico Bento [&hellip;]\" \/>\n<meta property=\"og:url\" content=\"https:\/\/bionicafilmes.com.br\/en\/a-produtora\/\" \/>\n<meta property=\"og:site_name\" content=\"Bi\u00f4nica Filmes\" \/>\n<meta property=\"article:publisher\" content=\"https:\/\/www.facebook.com\/bionicafilmes\" \/>\n<meta property=\"article:modified_time\" content=\"2025-08-21T14:10:34+00:00\" \/>\n<meta name=\"twitter:card\" content=\"summary_large_image\" \/>\n<meta name=\"twitter:label1\" content=\"Est. reading time\" \/>\n\t<meta name=\"twitter:data1\" content=\"2 minutes\" \/>\n<script type=\"application\/ld+json\" class=\"yoast-schema-graph\">{\"@context\":\"https:\/\/schema.org\",\"@graph\":[{\"@type\":\"WebPage\",\"@id\":\"https:\/\/bionicafilmes.com.br\/a-produtora\/\",\"url\":\"https:\/\/bionicafilmes.com.br\/a-produtora\/\",\"name\":\"A Produtora - Bi\u00f4nica Filmes\",\"isPartOf\":{\"@id\":\"https:\/\/bionicafilmes.com.br\/#website\"},\"datePublished\":\"2023-06-23T23:06:03+00:00\",\"dateModified\":\"2025-08-21T14:10:34+00:00\",\"breadcrumb\":{\"@id\":\"https:\/\/bionicafilmes.com.br\/a-produtora\/#breadcrumb\"},\"inLanguage\":\"en-US\",\"potentialAction\":[{\"@type\":\"ReadAction\",\"target\":[\"https:\/\/bionicafilmes.com.br\/a-produtora\/\"]}]},{\"@type\":\"BreadcrumbList\",\"@id\":\"https:\/\/bionicafilmes.com.br\/a-produtora\/#breadcrumb\",\"itemListElement\":[{\"@type\":\"ListItem\",\"position\":1,\"name\":\"In\u00edcio\",\"item\":\"https:\/\/bionicafilmes.com.br\/\"},{\"@type\":\"ListItem\",\"position\":2,\"name\":\"A Produtora\"}]},{\"@type\":\"WebSite\",\"@id\":\"https:\/\/bionicafilmes.com.br\/#website\",\"url\":\"https:\/\/bionicafilmes.com.br\/\",\"name\":\"Bi\u00f4nica Filmes\",\"description\":\"\",\"publisher\":{\"@id\":\"https:\/\/bionicafilmes.com.br\/#organization\"},\"potentialAction\":[{\"@type\":\"SearchAction\",\"target\":{\"@type\":\"EntryPoint\",\"urlTemplate\":\"https:\/\/bionicafilmes.com.br\/?s={search_term_string}\"},\"query-input\":{\"@type\":\"PropertyValueSpecification\",\"valueRequired\":true,\"valueName\":\"search_term_string\"}}],\"inLanguage\":\"en-US\"},{\"@type\":\"Organization\",\"@id\":\"https:\/\/bionicafilmes.com.br\/#organization\",\"name\":\"Bi\u00f4nica Filmes\",\"url\":\"https:\/\/bionicafilmes.com.br\/\",\"logo\":{\"@type\":\"ImageObject\",\"inLanguage\":\"en-US\",\"@id\":\"https:\/\/bionicafilmes.com.br\/#\/schema\/logo\/image\/\",\"url\":\"https:\/\/bionicafilmes.com.br\/wp-content\/uploads\/2023\/06\/logo-black.png\",\"contentUrl\":\"https:\/\/bionicafilmes.com.br\/wp-content\/uploads\/2023\/06\/logo-black.png\",\"width\":400,\"height\":121,\"caption\":\"Bi\u00f4nica Filmes\"},\"image\":{\"@id\":\"https:\/\/bionicafilmes.com.br\/#\/schema\/logo\/image\/\"},\"sameAs\":[\"https:\/\/www.facebook.com\/bionicafilmes\",\"https:\/\/www.instagram.com\/bionicafilmes\",\"https:\/\/www.linkedin.com\/company\/binica-filmes\/\"]}]}<\/script>\n<!-- \/ Yoast SEO plugin. -->","yoast_head_json":{"title":"A Produtora - Bi\u00f4nica Filmes","robots":{"index":"index","follow":"follow","max-snippet":"max-snippet:-1","max-image-preview":"max-image-preview:large","max-video-preview":"max-video-preview:-1"},"canonical":"https:\/\/bionicafilmes.com.br\/en\/a-produtora\/","og_locale":"en_US","og_type":"article","og_title":"A Produtora - Bi\u00f4nica Filmes","og_description":"Fundada em 2012 por Bianca Villar, Fernando Fraiha e Karen Castanho, a Bi\u00f4nica Filmes consolidou-se como uma das principais produtoras do audiovisual brasileiro. Com um portf\u00f3lio diversificado que inclui 18 longas-metragens e 4 s\u00e9ries, a Bi\u00f4nica \u00e9 focada em filmes com potencial comercial e valor art\u00edstico. Entre suas conquistas mais recentes est\u00e3o os longas\u00a0Chico Bento [&hellip;]","og_url":"https:\/\/bionicafilmes.com.br\/en\/a-produtora\/","og_site_name":"Bi\u00f4nica Filmes","article_publisher":"https:\/\/www.facebook.com\/bionicafilmes","article_modified_time":"2025-08-21T14:10:34+00:00","twitter_card":"summary_large_image","twitter_misc":{"Est. reading time":"2 minutes"},"schema":{"@context":"https:\/\/schema.org","@graph":[{"@type":"WebPage","@id":"https:\/\/bionicafilmes.com.br\/a-produtora\/","url":"https:\/\/bionicafilmes.com.br\/a-produtora\/","name":"A Produtora - Bi\u00f4nica Filmes","isPartOf":{"@id":"https:\/\/bionicafilmes.com.br\/#website"},"datePublished":"2023-06-23T23:06:03+00:00","dateModified":"2025-08-21T14:10:34+00:00","breadcrumb":{"@id":"https:\/\/bionicafilmes.com.br\/a-produtora\/#breadcrumb"},"inLanguage":"en-US","potentialAction":[{"@type":"ReadAction","target":["https:\/\/bionicafilmes.com.br\/a-produtora\/"]}]},{"@type":"BreadcrumbList","@id":"https:\/\/bionicafilmes.com.br\/a-produtora\/#breadcrumb","itemListElement":[{"@type":"ListItem","position":1,"name":"In\u00edcio","item":"https:\/\/bionicafilmes.com.br\/"},{"@type":"ListItem","position":2,"name":"A Produtora"}]},{"@type":"WebSite","@id":"https:\/\/bionicafilmes.com.br\/#website","url":"https:\/\/bionicafilmes.com.br\/","name":"Bi\u00f4nica Filmes","description":"","publisher":{"@id":"https:\/\/bionicafilmes.com.br\/#organization"},"potentialAction":[{"@type":"SearchAction","target":{"@type":"EntryPoint","urlTemplate":"https:\/\/bionicafilmes.com.br\/?s={search_term_string}"},"query-input":{"@type":"PropertyValueSpecification","valueRequired":true,"valueName":"search_term_string"}}],"inLanguage":"en-US"},{"@type":"Organization","@id":"https:\/\/bionicafilmes.com.br\/#organization","name":"Bi\u00f4nica Filmes","url":"https:\/\/bionicafilmes.com.br\/","logo":{"@type":"ImageObject","inLanguage":"en-US","@id":"https:\/\/bionicafilmes.com.br\/#\/schema\/logo\/image\/","url":"https:\/\/bionicafilmes.com.br\/wp-content\/uploads\/2023\/06\/logo-black.png","contentUrl":"https:\/\/bionicafilmes.com.br\/wp-content\/uploads\/2023\/06\/logo-black.png","width":400,"height":121,"caption":"Bi\u00f4nica Filmes"},"image":{"@id":"https:\/\/bionicafilmes.com.br\/#\/schema\/logo\/image\/"},"sameAs":["https:\/\/www.facebook.com\/bionicafilmes","https:\/\/www.instagram.com\/bionicafilmes","https:\/\/www.linkedin.com\/company\/binica-filmes\/"]}]}},"_links":{"self":[{"href":"https:\/\/bionicafilmes.com.br\/en\/wp-json\/wp\/v2\/pages\/215","targetHints":{"allow":["GET"]}}],"collection":[{"href":"https:\/\/bionicafilmes.com.br\/en\/wp-json\/wp\/v2\/pages"}],"about":[{"href":"https:\/\/bionicafilmes.com.br\/en\/wp-json\/wp\/v2\/types\/page"}],"author":[{"embeddable":true,"href":"https:\/\/bionicafilmes.com.br\/en\/wp-json\/wp\/v2\/users\/1"}],"replies":[{"embeddable":true,"href":"https:\/\/bionicafilmes.com.br\/en\/wp-json\/wp\/v2\/comments?post=215"}],"version-history":[{"count":88,"href":"https:\/\/bionicafilmes.com.br\/en\/wp-json\/wp\/v2\/pages\/215\/revisions"}],"predecessor-version":[{"id":1419,"href":"https:\/\/bionicafilmes.com.br\/en\/wp-json\/wp\/v2\/pages\/215\/revisions\/1419"}],"wp:attachment":[{"href":"https:\/\/bionicafilmes.com.br\/en\/wp-json\/wp\/v2\/media?parent=215"}],"curies":[{"name":"wp","href":"https:\/\/api.w.org\/{rel}","templated":true}]}}