{"id":249,"date":"2023-06-23T20:37:47","date_gmt":"2023-06-23T23:37:47","guid":{"rendered":"https:\/\/bionicafilmes.com.br\/?page_id=249"},"modified":"2026-04-01T11:04:27","modified_gmt":"2026-04-01T14:04:27","slug":"em-producao","status":"publish","type":"page","link":"https:\/\/bionicafilmes.com.br\/en\/em-producao\/","title":{"rendered":"In Production"},"content":{"rendered":"<div data-elementor-type=\"wp-page\" data-elementor-id=\"249\" class=\"elementor elementor-249\" data-elementor-post-type=\"page\">\n\t\t\t\t\t\t<section class=\"elementor-section elementor-top-section elementor-element elementor-element-6944a14 elementor-section-boxed elementor-section-height-default elementor-section-height-default\" data-id=\"6944a14\" data-element_type=\"section\" data-e-type=\"section\" data-settings=\"{&quot;background_background&quot;:&quot;classic&quot;}\">\n\t\t\t\t\t\t\t<div class=\"elementor-background-overlay\"><\/div>\n\t\t\t\t\t\t\t<div class=\"elementor-container elementor-column-gap-default\">\n\t\t\t\t\t<div class=\"elementor-column elementor-col-100 elementor-top-column elementor-element elementor-element-7f25ba1 elementor-invisible\" data-id=\"7f25ba1\" data-element_type=\"column\" data-e-type=\"column\" data-settings=\"{&quot;animation&quot;:&quot;fadeIn&quot;}\">\n\t\t\t<div class=\"elementor-widget-wrap elementor-element-populated\">\n\t\t\t\t\t\t<div class=\"elementor-element elementor-element-a408436 elementor-widget elementor-widget-heading\" data-id=\"a408436\" data-element_type=\"widget\" data-e-type=\"widget\" data-widget_type=\"heading.default\">\n\t\t\t\t<div class=\"elementor-widget-container\">\n\t\t\t\t\t<h1 class=\"elementor-heading-title elementor-size-default\">In Production<\/h1>\t\t\t\t<\/div>\n\t\t\t\t<\/div>\n\t\t\t\t\t<\/div>\n\t\t<\/div>\n\t\t\t\t\t<\/div>\n\t\t<\/section>\n\t\t\t\t<section class=\"elementor-section elementor-top-section elementor-element elementor-element-88c0753 elementor-section-boxed elementor-section-height-default elementor-section-height-default\" data-id=\"88c0753\" data-element_type=\"section\" data-e-type=\"section\">\n\t\t\t\t\t\t<div class=\"elementor-container elementor-column-gap-default\">\n\t\t\t\t\t<div class=\"elementor-column elementor-col-33 elementor-top-column elementor-element elementor-element-a648f29\" data-id=\"a648f29\" data-element_type=\"column\" data-e-type=\"column\">\n\t\t\t<div class=\"elementor-widget-wrap elementor-element-populated\">\n\t\t\t\t\t\t<div data-ep-wrapper-link=\"{&quot;url&quot;:&quot;https:\\\/\\\/bionicafilmes.com.br\\\/passaporte-para-polonia\\\/&quot;,&quot;is_external&quot;:&quot;on&quot;,&quot;nofollow&quot;:&quot;&quot;,&quot;custom_attributes&quot;:&quot;&quot;}\" style=\"cursor: pointer\" class=\"bdt-element-link elementor-element elementor-element-5141be3 elementor-widget__width-initial elementor-widget elementor-widget-image\" data-id=\"5141be3\" data-element_type=\"widget\" data-e-type=\"widget\" data-widget_type=\"image.default\">\n\t\t\t\t<div class=\"elementor-widget-container\">\n\t\t\t\t\t\t\t\t\t\t\t\t<figure class=\"wp-caption\">\n\t\t\t\t\t\t\t\t\t\t\t<a href=\"https:\/\/bionicafilmes.com.br\/en\/passaporte-para-polonia\/\">\n\t\t\t\t\t\t\t<img fetchpriority=\"high\" decoding=\"async\" width=\"1280\" height=\"538\" src=\"https:\/\/bionicafilmes.com.br\/wp-content\/uploads\/2026\/03\/PPP_Still_02.jpeg\" class=\"attachment-2048x2048 size-2048x2048 wp-image-1630\" alt=\"\" srcset=\"https:\/\/bionicafilmes.com.br\/wp-content\/uploads\/2026\/03\/PPP_Still_02.jpeg 1280w, https:\/\/bionicafilmes.com.br\/wp-content\/uploads\/2026\/03\/PPP_Still_02-300x126.jpeg 300w, https:\/\/bionicafilmes.com.br\/wp-content\/uploads\/2026\/03\/PPP_Still_02-1024x430.jpeg 1024w, https:\/\/bionicafilmes.com.br\/wp-content\/uploads\/2026\/03\/PPP_Still_02-768x323.jpeg 768w, https:\/\/bionicafilmes.com.br\/wp-content\/uploads\/2026\/03\/PPP_Still_02-18x8.jpeg 18w\" sizes=\"(max-width: 1280px) 100vw, 1280px\" \/>\t\t\t\t\t\t\t\t<\/a>\n\t\t\t\t\t\t\t\t\t\t\t<figcaption class=\"widget-image-caption wp-caption-text\"><\/figcaption>\n\t\t\t\t\t\t\t\t\t\t<\/figure>\n\t\t\t\t\t\t\t\t\t<\/div>\n\t\t\t\t<\/div>\n\t\t\t\t\t<\/div>\n\t\t<\/div>\n\t\t\t\t<div class=\"elementor-column elementor-col-33 elementor-top-column elementor-element elementor-element-61f98da\" data-id=\"61f98da\" data-element_type=\"column\" data-e-type=\"column\">\n\t\t\t<div class=\"elementor-widget-wrap elementor-element-populated\">\n\t\t\t\t\t\t<div class=\"elementor-element elementor-element-0364e87 elementor-widget__width-initial elementor-widget elementor-widget-image\" data-id=\"0364e87\" data-element_type=\"widget\" data-e-type=\"widget\" data-widget_type=\"image.default\">\n\t\t\t\t<div class=\"elementor-widget-container\">\n\t\t\t\t\t\t\t\t\t\t\t\t<figure class=\"wp-caption\">\n\t\t\t\t\t\t\t\t\t\t\t<a href=\"https:\/\/bionicafilmes.com.br\/wp-admin\/post.php?post=1726&#038;action=elementor\">\n\t\t\t\t\t\t\t<img decoding=\"async\" width=\"1392\" height=\"777\" src=\"https:\/\/bionicafilmes.com.br\/wp-content\/uploads\/2026\/03\/FUNERAL_cAPA.png\" class=\"attachment-2048x2048 size-2048x2048 wp-image-1717\" alt=\"\" srcset=\"https:\/\/bionicafilmes.com.br\/wp-content\/uploads\/2026\/03\/FUNERAL_cAPA.png 1392w, https:\/\/bionicafilmes.com.br\/wp-content\/uploads\/2026\/03\/FUNERAL_cAPA-300x167.png 300w, https:\/\/bionicafilmes.com.br\/wp-content\/uploads\/2026\/03\/FUNERAL_cAPA-1024x572.png 1024w, https:\/\/bionicafilmes.com.br\/wp-content\/uploads\/2026\/03\/FUNERAL_cAPA-768x429.png 768w, https:\/\/bionicafilmes.com.br\/wp-content\/uploads\/2026\/03\/FUNERAL_cAPA-18x10.png 18w\" sizes=\"(max-width: 1392px) 100vw, 1392px\" \/>\t\t\t\t\t\t\t\t<\/a>\n\t\t\t\t\t\t\t\t\t\t\t<figcaption class=\"widget-image-caption wp-caption-text\">O Funeral<\/figcaption>\n\t\t\t\t\t\t\t\t\t\t<\/figure>\n\t\t\t\t\t\t\t\t\t<\/div>\n\t\t\t\t<\/div>\n\t\t\t\t\t<\/div>\n\t\t<\/div>\n\t\t\t\t<div class=\"elementor-column elementor-col-33 elementor-top-column elementor-element elementor-element-109b883\" data-id=\"109b883\" data-element_type=\"column\" data-e-type=\"column\">\n\t\t\t<div class=\"elementor-widget-wrap elementor-element-populated\">\n\t\t\t\t\t\t<div class=\"elementor-element elementor-element-5a3066d elementor-widget__width-initial elementor-widget elementor-widget-image\" data-id=\"5a3066d\" data-element_type=\"widget\" data-e-type=\"widget\" data-widget_type=\"image.default\">\n\t\t\t\t<div class=\"elementor-widget-container\">\n\t\t\t\t\t\t\t\t\t\t\t\t<figure class=\"wp-caption\">\n\t\t\t\t\t\t\t\t\t\t\t<a href=\"https:\/\/bionicafilmes.com.br\/en\/elementor-pagina-de-destino-1759\/\">\n\t\t\t\t\t\t\t<img decoding=\"async\" width=\"800\" height=\"443\" src=\"https:\/\/bionicafilmes.com.br\/wp-content\/uploads\/2026\/04\/CHB_Background-1024x567.png\" class=\"attachment-large size-large wp-image-1752\" alt=\"\" srcset=\"https:\/\/bionicafilmes.com.br\/wp-content\/uploads\/2026\/04\/CHB_Background-1024x567.png 1024w, https:\/\/bionicafilmes.com.br\/wp-content\/uploads\/2026\/04\/CHB_Background-300x166.png 300w, https:\/\/bionicafilmes.com.br\/wp-content\/uploads\/2026\/04\/CHB_Background-768x425.png 768w, https:\/\/bionicafilmes.com.br\/wp-content\/uploads\/2026\/04\/CHB_Background-18x10.png 18w, https:\/\/bionicafilmes.com.br\/wp-content\/uploads\/2026\/04\/CHB_Background.png 1167w\" sizes=\"(max-width: 800px) 100vw, 800px\" \/>\t\t\t\t\t\t\t\t<\/a>\n\t\t\t\t\t\t\t\t\t\t\t<figcaption class=\"widget-image-caption wp-caption-text\">Invejosos Homens Brancos<\/figcaption>\n\t\t\t\t\t\t\t\t\t\t<\/figure>\n\t\t\t\t\t\t\t\t\t<\/div>\n\t\t\t\t<\/div>\n\t\t\t\t\t<\/div>\n\t\t<\/div>\n\t\t\t\t\t<\/div>\n\t\t<\/section>\n\t\t\t\t<section class=\"elementor-section elementor-top-section elementor-element elementor-element-3fb6842 elementor-section-boxed elementor-section-height-default elementor-section-height-default\" data-id=\"3fb6842\" data-element_type=\"section\" data-e-type=\"section\" data-settings=\"{&quot;background_background&quot;:&quot;classic&quot;}\">\n\t\t\t\t\t\t<div class=\"elementor-container elementor-column-gap-default\">\n\t\t\t\t\t<div class=\"elementor-column elementor-col-100 elementor-top-column elementor-element elementor-element-2f879d3\" data-id=\"2f879d3\" data-element_type=\"column\" data-e-type=\"column\">\n\t\t\t<div class=\"elementor-widget-wrap elementor-element-populated\">\n\t\t\t\t\t\t<div class=\"elementor-element elementor-element-1eb9301 elementor-widget elementor-widget-jet-listing-grid\" data-id=\"1eb9301\" data-element_type=\"widget\" data-e-type=\"widget\" data-settings=\"{&quot;columns&quot;:&quot;2&quot;,&quot;columns_mobile&quot;:&quot;1&quot;}\" data-widget_type=\"jet-listing-grid.default\">\n\t\t\t\t<div class=\"elementor-widget-container\">\n\t\t\t\t\t<div class=\"jet-listing-grid jet-listing\"><div class=\"jet-listing-not-found jet-listing-grid__items\" data-nav=\"{&quot;enabled&quot;:true,&quot;type&quot;:&quot;scroll&quot;,&quot;more_el&quot;:null,&quot;query&quot;:{&quot;post_status&quot;:[&quot;publish&quot;],&quot;post_type&quot;:&quot;producoes&quot;,&quot;posts_per_page&quot;:&quot;6&quot;,&quot;paged&quot;:&quot;1&quot;,&quot;ignore_sticky_posts&quot;:&quot;1&quot;,&quot;tax_query&quot;:[{&quot;taxonomy&quot;:&quot;status-producao&quot;,&quot;field&quot;:&quot;name&quot;,&quot;terms&quot;:[&quot;Em Produ\\u00e7\\u00e3o&quot;],&quot;operator&quot;:&quot;IN&quot;}]},&quot;widget_settings&quot;:{&quot;lisitng_id&quot;:255,&quot;posts_num&quot;:6,&quot;columns&quot;:2,&quot;columns_tablet&quot;:2,&quot;columns_mobile&quot;:1,&quot;is_archive_template&quot;:&quot;&quot;,&quot;post_status&quot;:[&quot;publish&quot;],&quot;use_random_posts_num&quot;:&quot;&quot;,&quot;max_posts_num&quot;:9,&quot;not_found_message&quot;:&quot;Nada encontrado.&quot;,&quot;is_masonry&quot;:false,&quot;equal_columns_height&quot;:&quot;&quot;,&quot;use_load_more&quot;:&quot;yes&quot;,&quot;load_more_id&quot;:&quot;&quot;,&quot;load_more_type&quot;:&quot;scroll&quot;,&quot;load_more_offset&quot;:{&quot;unit&quot;:&quot;px&quot;,&quot;size&quot;:0,&quot;sizes&quot;:[]},&quot;use_custom_post_types&quot;:&quot;&quot;,&quot;custom_post_types&quot;:[],&quot;hide_widget_if&quot;:&quot;&quot;,&quot;carousel_enabled&quot;:&quot;&quot;,&quot;slides_to_scroll&quot;:&quot;1&quot;,&quot;arrows&quot;:&quot;true&quot;,&quot;arrow_icon&quot;:&quot;fa fa-angle-left&quot;,&quot;dots&quot;:&quot;&quot;,&quot;autoplay&quot;:&quot;true&quot;,&quot;autoplay_speed&quot;:5000,&quot;infinite&quot;:&quot;true&quot;,&quot;center_mode&quot;:&quot;&quot;,&quot;effect&quot;:&quot;slide&quot;,&quot;speed&quot;:500,&quot;inject_alternative_items&quot;:&quot;&quot;,&quot;injection_items&quot;:[],&quot;scroll_slider_enabled&quot;:&quot;&quot;,&quot;scroll_slider_on&quot;:[&quot;desktop&quot;,&quot;tablet&quot;,&quot;mobile&quot;],&quot;custom_query&quot;:false,&quot;custom_query_id&quot;:&quot;&quot;,&quot;_element_id&quot;:&quot;&quot;}}\" >Nada encontrado.<\/div><\/div>\t\t\t\t<\/div>\n\t\t\t\t<\/div>\n\t\t\t\t\t<\/div>\n\t\t<\/div>\n\t\t\t\t\t<\/div>\n\t\t<\/section>\n\t\t\t\t<section class=\"elementor-section elementor-top-section elementor-element elementor-element-d95692e elementor-section-boxed elementor-section-height-default elementor-section-height-default\" data-id=\"d95692e\" data-element_type=\"section\" data-e-type=\"section\">\n\t\t\t\t\t\t<div class=\"elementor-container elementor-column-gap-default\">\n\t\t\t\t\t<div class=\"elementor-column elementor-col-100 elementor-top-column elementor-element elementor-element-775b513\" data-id=\"775b513\" data-element_type=\"column\" data-e-type=\"column\">\n\t\t\t<div class=\"elementor-widget-wrap elementor-element-populated\">\n\t\t\t\t\t\t<section class=\"elementor-section elementor-inner-section elementor-element elementor-element-919d84a elementor-section-boxed elementor-section-height-default elementor-section-height-default\" data-id=\"919d84a\" data-element_type=\"section\" data-e-type=\"section\">\n\t\t\t\t\t\t<div class=\"elementor-container elementor-column-gap-default\">\n\t\t\t\t\t<div class=\"elementor-column elementor-col-50 elementor-inner-column elementor-element elementor-element-648d21d\" data-id=\"648d21d\" data-element_type=\"column\" data-e-type=\"column\">\n\t\t\t<div class=\"elementor-widget-wrap\">\n\t\t\t\t\t\t\t<\/div>\n\t\t<\/div>\n\t\t\t\t<div class=\"elementor-column elementor-col-50 elementor-inner-column elementor-element elementor-element-978159e\" data-id=\"978159e\" data-element_type=\"column\" data-e-type=\"column\">\n\t\t\t<div class=\"elementor-widget-wrap\">\n\t\t\t\t\t\t\t<\/div>\n\t\t<\/div>\n\t\t\t\t\t<\/div>\n\t\t<\/section>\n\t\t\t\t\t<\/div>\n\t\t<\/div>\n\t\t\t\t\t<\/div>\n\t\t<\/section>\n\t\t\t\t<section class=\"elementor-section elementor-top-section elementor-element elementor-element-1ec802b elementor-section-boxed elementor-section-height-default elementor-section-height-default\" data-id=\"1ec802b\" data-element_type=\"section\" data-e-type=\"section\">\n\t\t\t\t\t\t<div class=\"elementor-container elementor-column-gap-default\">\n\t\t\t\t\t<div class=\"elementor-column elementor-col-100 elementor-top-column elementor-element elementor-element-7f512b5\" data-id=\"7f512b5\" data-element_type=\"column\" data-e-type=\"column\">\n\t\t\t<div class=\"elementor-widget-wrap elementor-element-populated\">\n\t\t\t\t\t\t<section class=\"elementor-section elementor-inner-section elementor-element elementor-element-011d474 elementor-section-boxed elementor-section-height-default elementor-section-height-default\" data-id=\"011d474\" data-element_type=\"section\" data-e-type=\"section\">\n\t\t\t\t\t\t<div class=\"elementor-container elementor-column-gap-default\">\n\t\t\t\t\t<div class=\"elementor-column elementor-col-50 elementor-inner-column elementor-element elementor-element-ea299d2\" data-id=\"ea299d2\" data-element_type=\"column\" data-e-type=\"column\">\n\t\t\t<div class=\"elementor-widget-wrap\">\n\t\t\t\t\t\t\t<\/div>\n\t\t<\/div>\n\t\t\t\t<div class=\"elementor-column elementor-col-50 elementor-inner-column elementor-element elementor-element-93a89f0\" data-id=\"93a89f0\" data-element_type=\"column\" data-e-type=\"column\">\n\t\t\t<div class=\"elementor-widget-wrap\">\n\t\t\t\t\t\t\t<\/div>\n\t\t<\/div>\n\t\t\t\t\t<\/div>\n\t\t<\/section>\n\t\t\t\t\t<\/div>\n\t\t<\/div>\n\t\t\t\t\t<\/div>\n\t\t<\/section>\n\t\t\t\t<section class=\"elementor-section elementor-top-section elementor-element elementor-element-daccca1 elementor-section-boxed elementor-section-height-default elementor-section-height-default\" data-id=\"daccca1\" data-element_type=\"section\" data-e-type=\"section\">\n\t\t\t\t\t\t<div class=\"elementor-container elementor-column-gap-default\">\n\t\t\t\t\t<div class=\"elementor-column elementor-col-100 elementor-top-column elementor-element elementor-element-d83483b\" data-id=\"d83483b\" data-element_type=\"column\" data-e-type=\"column\">\n\t\t\t<div class=\"elementor-widget-wrap\">\n\t\t\t\t\t\t\t<\/div>\n\t\t<\/div>\n\t\t\t\t\t<\/div>\n\t\t<\/section>\n\t\t\t\t<section class=\"elementor-section elementor-top-section elementor-element elementor-element-c4223de elementor-section-boxed elementor-section-height-default elementor-section-height-default\" data-id=\"c4223de\" data-element_type=\"section\" data-e-type=\"section\">\n\t\t\t\t\t\t<div class=\"elementor-container elementor-column-gap-default\">\n\t\t\t\t\t<div class=\"elementor-column elementor-col-100 elementor-top-column elementor-element elementor-element-473bc5f\" data-id=\"473bc5f\" data-element_type=\"column\" data-e-type=\"column\">\n\t\t\t<div class=\"elementor-widget-wrap\">\n\t\t\t\t\t\t\t<\/div>\n\t\t<\/div>\n\t\t\t\t\t<\/div>\n\t\t<\/section>\n\t\t\t\t<\/div>","protected":false},"excerpt":{"rendered":"<p>O Funeral Invejosos Homens Brancos Nada encontrado.<\/p>","protected":false},"author":1,"featured_media":0,"parent":0,"menu_order":0,"comment_status":"closed","ping_status":"closed","template":"elementor_header_footer","meta":{"footnotes":""},"class_list":["post-249","page","type-page","status-publish","hentry"],"yoast_head":"<!-- This site is optimized with the Yoast SEO plugin v27.2 - https:\/\/yoast.com\/product\/yoast-seo-wordpress\/ -->\n<title>Em Produ\u00e7\u00e3o - Bi\u00f4nica Filmes<\/title>\n<meta name=\"robots\" content=\"index, follow, max-snippet:-1, max-image-preview:large, max-video-preview:-1\" \/>\n<link rel=\"canonical\" href=\"https:\/\/bionicafilmes.com.br\/en\/em-producao\/\" \/>\n<meta property=\"og:locale\" content=\"en_US\" \/>\n<meta property=\"og:type\" content=\"article\" \/>\n<meta property=\"og:title\" content=\"Em Produ\u00e7\u00e3o - Bi\u00f4nica Filmes\" \/>\n<meta property=\"og:description\" content=\"O Funeral Invejosos Homens Brancos Nada encontrado.\" \/>\n<meta property=\"og:url\" content=\"https:\/\/bionicafilmes.com.br\/en\/em-producao\/\" \/>\n<meta property=\"og:site_name\" content=\"Bi\u00f4nica Filmes\" \/>\n<meta property=\"article:publisher\" content=\"https:\/\/www.facebook.com\/bionicafilmes\" \/>\n<meta property=\"article:modified_time\" content=\"2026-04-01T14:04:27+00:00\" \/>\n<meta property=\"og:image\" content=\"https:\/\/bionicafilmes.com.br\/wp-content\/uploads\/2026\/03\/PPP_Still_02.jpeg\" \/>\n\t<meta property=\"og:image:width\" content=\"1280\" \/>\n\t<meta property=\"og:image:height\" content=\"538\" \/>\n\t<meta property=\"og:image:type\" content=\"image\/jpeg\" \/>\n<meta name=\"twitter:card\" content=\"summary_large_image\" \/>\n<meta name=\"twitter:label1\" content=\"Est. reading time\" \/>\n\t<meta name=\"twitter:data1\" content=\"1 minute\" \/>\n<script type=\"application\/ld+json\" class=\"yoast-schema-graph\">{\"@context\":\"https:\/\/schema.org\",\"@graph\":[{\"@type\":\"WebPage\",\"@id\":\"https:\/\/bionicafilmes.com.br\/em-producao\/\",\"url\":\"https:\/\/bionicafilmes.com.br\/em-producao\/\",\"name\":\"Em Produ\u00e7\u00e3o - Bi\u00f4nica Filmes\",\"isPartOf\":{\"@id\":\"https:\/\/bionicafilmes.com.br\/#website\"},\"primaryImageOfPage\":{\"@id\":\"https:\/\/bionicafilmes.com.br\/em-producao\/#primaryimage\"},\"image\":{\"@id\":\"https:\/\/bionicafilmes.com.br\/em-producao\/#primaryimage\"},\"thumbnailUrl\":\"https:\/\/bionicafilmes.com.br\/wp-content\/uploads\/2026\/03\/PPP_Still_02.jpeg\",\"datePublished\":\"2023-06-23T23:37:47+00:00\",\"dateModified\":\"2026-04-01T14:04:27+00:00\",\"breadcrumb\":{\"@id\":\"https:\/\/bionicafilmes.com.br\/em-producao\/#breadcrumb\"},\"inLanguage\":\"en-US\",\"potentialAction\":[{\"@type\":\"ReadAction\",\"target\":[\"https:\/\/bionicafilmes.com.br\/em-producao\/\"]}]},{\"@type\":\"ImageObject\",\"inLanguage\":\"en-US\",\"@id\":\"https:\/\/bionicafilmes.com.br\/em-producao\/#primaryimage\",\"url\":\"https:\/\/bionicafilmes.com.br\/wp-content\/uploads\/2026\/03\/PPP_Still_02.jpeg\",\"contentUrl\":\"https:\/\/bionicafilmes.com.br\/wp-content\/uploads\/2026\/03\/PPP_Still_02.jpeg\"},{\"@type\":\"BreadcrumbList\",\"@id\":\"https:\/\/bionicafilmes.com.br\/em-producao\/#breadcrumb\",\"itemListElement\":[{\"@type\":\"ListItem\",\"position\":1,\"name\":\"In\u00edcio\",\"item\":\"https:\/\/bionicafilmes.com.br\/\"},{\"@type\":\"ListItem\",\"position\":2,\"name\":\"Em Produ\u00e7\u00e3o\"}]},{\"@type\":\"WebSite\",\"@id\":\"https:\/\/bionicafilmes.com.br\/#website\",\"url\":\"https:\/\/bionicafilmes.com.br\/\",\"name\":\"Bi\u00f4nica Filmes\",\"description\":\"\",\"publisher\":{\"@id\":\"https:\/\/bionicafilmes.com.br\/#organization\"},\"potentialAction\":[{\"@type\":\"SearchAction\",\"target\":{\"@type\":\"EntryPoint\",\"urlTemplate\":\"https:\/\/bionicafilmes.com.br\/?s={search_term_string}\"},\"query-input\":{\"@type\":\"PropertyValueSpecification\",\"valueRequired\":true,\"valueName\":\"search_term_string\"}}],\"inLanguage\":\"en-US\"},{\"@type\":\"Organization\",\"@id\":\"https:\/\/bionicafilmes.com.br\/#organization\",\"name\":\"Bi\u00f4nica Filmes\",\"url\":\"https:\/\/bionicafilmes.com.br\/\",\"logo\":{\"@type\":\"ImageObject\",\"inLanguage\":\"en-US\",\"@id\":\"https:\/\/bionicafilmes.com.br\/#\/schema\/logo\/image\/\",\"url\":\"https:\/\/bionicafilmes.com.br\/wp-content\/uploads\/2023\/06\/logo-black.png\",\"contentUrl\":\"https:\/\/bionicafilmes.com.br\/wp-content\/uploads\/2023\/06\/logo-black.png\",\"width\":400,\"height\":121,\"caption\":\"Bi\u00f4nica Filmes\"},\"image\":{\"@id\":\"https:\/\/bionicafilmes.com.br\/#\/schema\/logo\/image\/\"},\"sameAs\":[\"https:\/\/www.facebook.com\/bionicafilmes\",\"https:\/\/www.instagram.com\/bionicafilmes\",\"https:\/\/www.linkedin.com\/company\/binica-filmes\/\"]}]}<\/script>\n<!-- \/ Yoast SEO plugin. -->","yoast_head_json":{"title":"Em Produ\u00e7\u00e3o - Bi\u00f4nica Filmes","robots":{"index":"index","follow":"follow","max-snippet":"max-snippet:-1","max-image-preview":"max-image-preview:large","max-video-preview":"max-video-preview:-1"},"canonical":"https:\/\/bionicafilmes.com.br\/en\/em-producao\/","og_locale":"en_US","og_type":"article","og_title":"Em Produ\u00e7\u00e3o - Bi\u00f4nica Filmes","og_description":"O Funeral Invejosos Homens Brancos Nada encontrado.","og_url":"https:\/\/bionicafilmes.com.br\/en\/em-producao\/","og_site_name":"Bi\u00f4nica Filmes","article_publisher":"https:\/\/www.facebook.com\/bionicafilmes","article_modified_time":"2026-04-01T14:04:27+00:00","og_image":[{"width":1280,"height":538,"url":"https:\/\/bionicafilmes.com.br\/wp-content\/uploads\/2026\/03\/PPP_Still_02.jpeg","type":"image\/jpeg"}],"twitter_card":"summary_large_image","twitter_misc":{"Est. reading time":"1 minute"},"schema":{"@context":"https:\/\/schema.org","@graph":[{"@type":"WebPage","@id":"https:\/\/bionicafilmes.com.br\/em-producao\/","url":"https:\/\/bionicafilmes.com.br\/em-producao\/","name":"Em Produ\u00e7\u00e3o - Bi\u00f4nica Filmes","isPartOf":{"@id":"https:\/\/bionicafilmes.com.br\/#website"},"primaryImageOfPage":{"@id":"https:\/\/bionicafilmes.com.br\/em-producao\/#primaryimage"},"image":{"@id":"https:\/\/bionicafilmes.com.br\/em-producao\/#primaryimage"},"thumbnailUrl":"https:\/\/bionicafilmes.com.br\/wp-content\/uploads\/2026\/03\/PPP_Still_02.jpeg","datePublished":"2023-06-23T23:37:47+00:00","dateModified":"2026-04-01T14:04:27+00:00","breadcrumb":{"@id":"https:\/\/bionicafilmes.com.br\/em-producao\/#breadcrumb"},"inLanguage":"en-US","potentialAction":[{"@type":"ReadAction","target":["https:\/\/bionicafilmes.com.br\/em-producao\/"]}]},{"@type":"ImageObject","inLanguage":"en-US","@id":"https:\/\/bionicafilmes.com.br\/em-producao\/#primaryimage","url":"https:\/\/bionicafilmes.com.br\/wp-content\/uploads\/2026\/03\/PPP_Still_02.jpeg","contentUrl":"https:\/\/bionicafilmes.com.br\/wp-content\/uploads\/2026\/03\/PPP_Still_02.jpeg"},{"@type":"BreadcrumbList","@id":"https:\/\/bionicafilmes.com.br\/em-producao\/#breadcrumb","itemListElement":[{"@type":"ListItem","position":1,"name":"In\u00edcio","item":"https:\/\/bionicafilmes.com.br\/"},{"@type":"ListItem","position":2,"name":"Em Produ\u00e7\u00e3o"}]},{"@type":"WebSite","@id":"https:\/\/bionicafilmes.com.br\/#website","url":"https:\/\/bionicafilmes.com.br\/","name":"Bi\u00f4nica Filmes","description":"","publisher":{"@id":"https:\/\/bionicafilmes.com.br\/#organization"},"potentialAction":[{"@type":"SearchAction","target":{"@type":"EntryPoint","urlTemplate":"https:\/\/bionicafilmes.com.br\/?s={search_term_string}"},"query-input":{"@type":"PropertyValueSpecification","valueRequired":true,"valueName":"search_term_string"}}],"inLanguage":"en-US"},{"@type":"Organization","@id":"https:\/\/bionicafilmes.com.br\/#organization","name":"Bi\u00f4nica Filmes","url":"https:\/\/bionicafilmes.com.br\/","logo":{"@type":"ImageObject","inLanguage":"en-US","@id":"https:\/\/bionicafilmes.com.br\/#\/schema\/logo\/image\/","url":"https:\/\/bionicafilmes.com.br\/wp-content\/uploads\/2023\/06\/logo-black.png","contentUrl":"https:\/\/bionicafilmes.com.br\/wp-content\/uploads\/2023\/06\/logo-black.png","width":400,"height":121,"caption":"Bi\u00f4nica Filmes"},"image":{"@id":"https:\/\/bionicafilmes.com.br\/#\/schema\/logo\/image\/"},"sameAs":["https:\/\/www.facebook.com\/bionicafilmes","https:\/\/www.instagram.com\/bionicafilmes","https:\/\/www.linkedin.com\/company\/binica-filmes\/"]}]}},"_links":{"self":[{"href":"https:\/\/bionicafilmes.com.br\/en\/wp-json\/wp\/v2\/pages\/249","targetHints":{"allow":["GET"]}}],"collection":[{"href":"https:\/\/bionicafilmes.com.br\/en\/wp-json\/wp\/v2\/pages"}],"about":[{"href":"https:\/\/bionicafilmes.com.br\/en\/wp-json\/wp\/v2\/types\/page"}],"author":[{"embeddable":true,"href":"https:\/\/bionicafilmes.com.br\/en\/wp-json\/wp\/v2\/users\/1"}],"replies":[{"embeddable":true,"href":"https:\/\/bionicafilmes.com.br\/en\/wp-json\/wp\/v2\/comments?post=249"}],"version-history":[{"count":73,"href":"https:\/\/bionicafilmes.com.br\/en\/wp-json\/wp\/v2\/pages\/249\/revisions"}],"predecessor-version":[{"id":1772,"href":"https:\/\/bionicafilmes.com.br\/en\/wp-json\/wp\/v2\/pages\/249\/revisions\/1772"}],"wp:attachment":[{"href":"https:\/\/bionicafilmes.com.br\/en\/wp-json\/wp\/v2\/media?parent=249"}],"curies":[{"name":"wp","href":"https:\/\/api.w.org\/{rel}","templated":true}]}}